{"id":579,"date":"2026-03-17T12:12:20","date_gmt":"2026-03-17T11:12:20","guid":{"rendered":"https:\/\/annasoldevila.com\/?post_type=product&#038;p=579"},"modified":"2026-04-01T12:55:30","modified_gmt":"2026-04-01T10:55:30","slug":"suscripcio-semestral-a-trac-de-lluna","status":"publish","type":"product","link":"https:\/\/annasoldevila.com\/es\/producto\/suscripcio-semestral-a-trac-de-lluna\/","title":{"rendered":"Suscripci\u00f3n semestral a Tra\u00e7 de Lluna"},"content":{"rendered":"<p>Tra\u00e7 de Lluna \u00e9s la proposta mensual astrol\u00f2gica en la que explorem i aprenem sobre i amb les Llunes nova i plena del mes juntament amb tots els tr\u00e0nsits de Planetes que es d\u00f3nen al Cosmos. \u00c9s un treball de continu\u00eftat que t\u00e9 la intenci\u00f3 d\u2019oferir tant un espai d\u2019aprenentatge sobre nocions b\u00e0siques d\u2019Astrologia com un proc\u00e9s d\u2019autoconeixement a trav\u00e9s tamb\u00e9 del treball amb les pr\u00f2pies cartes.<\/p>\n<p>Les persones reben cada mes dos documents, un per cada lluna amb tota la informaci\u00f3 del Clima Astral m\u00e9s una trobada online d\u2019hora i mitja.<\/p>\n<h6><a href=\"\/es\/teixit-dels-astres\/\">Per saber-ne m\u00e9s consulta la p\u00e0gina del Teixit dels Astres.<\/a><br \/>\nDurada: 6 mesos<\/h6>","protected":false},"excerpt":{"rendered":"<p>Tra\u00e7 de Lluna \u00e9s la proposta mensual astrol\u00f2gica en la que explorem i aprenem sobre i amb les Llunes nova i plena del mes juntament amb tots els tr\u00e0nsits de Planetes que es d\u00f3nen al Cosmos. \u00c9s un treball de continu\u00eftat que t\u00e9 la intenci\u00f3 d\u2019oferir tant un espai d\u2019aprenentatge sobre nocions b\u00e0siques d\u2019Astrologia com [&hellip;]<\/p>\n","protected":false},"featured_media":580,"template":"","meta":[],"product_brand":[],"product_cat":[18],"product_tag":[],"class_list":{"0":"post-579","1":"product","2":"type-product","3":"status-publish","4":"has-post-thumbnail","6":"product_cat-sense-categoria","8":"first","9":"instock","10":"virtual","11":"purchasable","12":"product-type-simple"},"_links":{"self":[{"href":"https:\/\/annasoldevila.com\/es\/wp-json\/wp\/v2\/product\/579","targetHints":{"allow":["GET"]}}],"collection":[{"href":"https:\/\/annasoldevila.com\/es\/wp-json\/wp\/v2\/product"}],"about":[{"href":"https:\/\/annasoldevila.com\/es\/wp-json\/wp\/v2\/types\/product"}],"wp:featuredmedia":[{"embeddable":true,"href":"https:\/\/annasoldevila.com\/es\/wp-json\/wp\/v2\/media\/580"}],"wp:attachment":[{"href":"https:\/\/annasoldevila.com\/es\/wp-json\/wp\/v2\/media?parent=579"}],"wp:term":[{"taxonomy":"product_brand","embeddable":true,"href":"https:\/\/annasoldevila.com\/es\/wp-json\/wp\/v2\/product_brand?post=579"},{"taxonomy":"product_cat","embeddable":true,"href":"https:\/\/annasoldevila.com\/es\/wp-json\/wp\/v2\/product_cat?post=579"},{"taxonomy":"product_tag","embeddable":true,"href":"https:\/\/annasoldevila.com\/es\/wp-json\/wp\/v2\/product_tag?post=579"}],"curies":[{"name":"wp","href":"https:\/\/api.w.org\/{rel}","templated":true}]}}