{"id":574,"date":"2026-03-16T11:18:42","date_gmt":"2026-03-16T10:18:42","guid":{"rendered":"https:\/\/annasoldevila.com\/?post_type=product&#038;p=574"},"modified":"2026-04-01T12:52:56","modified_gmt":"2026-04-01T10:52:56","slug":"sessio-de-reflexologia-podal","status":"publish","type":"product","link":"https:\/\/annasoldevila.com\/es\/producto\/sessio-de-reflexologia-podal\/","title":{"rendered":"Sesi\u00f3n de reflexolog\u00eda"},"content":{"rendered":"<p>La reflexolog\u00eda podal que ofrezco es un trabajo corporal y psicoemocional a trav\u00e9s de los pies. Ellos son una puerta de entrada a nosotros y una gran v\u00eda de regulaci\u00f3n de nuestro sistema nervioso.<\/p>\n<p>Esta sesi\u00f3n consta tanto de un espacio de escucha donde compartir a trav\u00e9s de la palabra el momento vital de quien la recibe para poder ofrecer un trabajo m\u00e1s preciso previo al trabajo en camilla de reflexolog\u00eda.<\/p>\n<p>Duraci\u00f3n: 1h<\/p>\n<h6><a href=\"\/es\/serveis\/\" style=\"font-family:lora !important\"><i>M\u00e1s informaci\u00f3n sobre Reflexolog\u00eda Podal<\/i><\/a><\/h6>","protected":false},"excerpt":{"rendered":"<p>La reflexologia podal que ofereixo \u00e9s un treball corporal i psicoemocional a trav\u00e9s dels peus. Ells s\u00f3n una porta d\u2019entrada a nosaltres i una gran via de regulaci\u00f3 del nostre sistema nervi\u00f3s. Aquesta sessi\u00f3 consta tant d\u2019un espai d\u2019escolta on compartir a trav\u00e9s de la paraula el moment vital de qui la rep per poder [&hellip;]<\/p>\n","protected":false},"featured_media":575,"template":"","meta":[],"product_brand":[],"product_cat":[18],"product_tag":[],"class_list":{"0":"post-574","1":"product","2":"type-product","3":"status-publish","4":"has-post-thumbnail","6":"product_cat-sense-categoria","8":"first","9":"instock","10":"virtual","11":"purchasable","12":"product-type-simple"},"_links":{"self":[{"href":"https:\/\/annasoldevila.com\/es\/wp-json\/wp\/v2\/product\/574","targetHints":{"allow":["GET"]}}],"collection":[{"href":"https:\/\/annasoldevila.com\/es\/wp-json\/wp\/v2\/product"}],"about":[{"href":"https:\/\/annasoldevila.com\/es\/wp-json\/wp\/v2\/types\/product"}],"wp:featuredmedia":[{"embeddable":true,"href":"https:\/\/annasoldevila.com\/es\/wp-json\/wp\/v2\/media\/575"}],"wp:attachment":[{"href":"https:\/\/annasoldevila.com\/es\/wp-json\/wp\/v2\/media?parent=574"}],"wp:term":[{"taxonomy":"product_brand","embeddable":true,"href":"https:\/\/annasoldevila.com\/es\/wp-json\/wp\/v2\/product_brand?post=574"},{"taxonomy":"product_cat","embeddable":true,"href":"https:\/\/annasoldevila.com\/es\/wp-json\/wp\/v2\/product_cat?post=574"},{"taxonomy":"product_tag","embeddable":true,"href":"https:\/\/annasoldevila.com\/es\/wp-json\/wp\/v2\/product_tag?post=574"}],"curies":[{"name":"wp","href":"https:\/\/api.w.org\/{rel}","templated":true}]}}