{"id":569,"date":"2026-03-16T11:14:40","date_gmt":"2026-03-16T10:14:40","guid":{"rendered":"https:\/\/annasoldevila.com\/?post_type=product&#038;p=569"},"modified":"2026-04-01T12:54:57","modified_gmt":"2026-04-01T10:54:57","slug":"lectura-de-revolucio-solar","status":"publish","type":"product","link":"https:\/\/annasoldevila.com\/es\/producto\/lectura-de-revolucio-solar\/","title":{"rendered":"Interpretaci\u00f3n del retorno solar"},"content":{"rendered":"<p>La revoluci\u00f3 solar \u00e9s aquell estudi de l\u2019impacte i de la influ\u00e8ncia que tenen els planetes mentre transiten per la nostra carta natal. Cada any, els astres van teixint noves experi\u00e8ncies per nosaltres, va lectura de revoluci\u00f3 solar ens permet con\u00e8ixer aquesta energia disponible per l\u2019any.<\/p>\n<p>\u00c9s imprescindible tenir la lectura de carta natal abans. La sessi\u00f3 inclou la gravaci\u00f3 de la lectura perqu\u00e8 es pugui consultar amb el temps.<\/p>\n<p>Durada: 1:30 hores<\/p>\n<p><i>Posibilidad de hacerla presencial o en l\u00ednea.<\/i><\/p>\n<h6><a style=\"font-family: lora !important;\" href=\"\/es\/serveis\/\"><i>M\u00e1s informaci\u00f3n sobre servicios de astrolog\u00eda<\/i><\/a><\/h6>","protected":false},"excerpt":{"rendered":"<p>La revoluci\u00f3 solar \u00e9s aquell estudi de l\u2019impacte i de la influ\u00e8ncia que tenen els planetes mentre transiten per la nostra carta natal. Cada any, els astres van teixint noves experi\u00e8ncies per nosaltres, va lectura de revoluci\u00f3 solar ens permet con\u00e8ixer aquesta energia disponible per l\u2019any. \u00c9s imprescindible tenir la lectura de carta natal abans. [&hellip;]<\/p>\n","protected":false},"featured_media":571,"template":"","meta":[],"product_brand":[],"product_cat":[18],"product_tag":[],"class_list":{"0":"post-569","1":"product","2":"type-product","3":"status-publish","4":"has-post-thumbnail","6":"product_cat-sense-categoria","8":"first","9":"instock","10":"virtual","11":"purchasable","12":"product-type-simple"},"_links":{"self":[{"href":"https:\/\/annasoldevila.com\/es\/wp-json\/wp\/v2\/product\/569","targetHints":{"allow":["GET"]}}],"collection":[{"href":"https:\/\/annasoldevila.com\/es\/wp-json\/wp\/v2\/product"}],"about":[{"href":"https:\/\/annasoldevila.com\/es\/wp-json\/wp\/v2\/types\/product"}],"wp:featuredmedia":[{"embeddable":true,"href":"https:\/\/annasoldevila.com\/es\/wp-json\/wp\/v2\/media\/571"}],"wp:attachment":[{"href":"https:\/\/annasoldevila.com\/es\/wp-json\/wp\/v2\/media?parent=569"}],"wp:term":[{"taxonomy":"product_brand","embeddable":true,"href":"https:\/\/annasoldevila.com\/es\/wp-json\/wp\/v2\/product_brand?post=569"},{"taxonomy":"product_cat","embeddable":true,"href":"https:\/\/annasoldevila.com\/es\/wp-json\/wp\/v2\/product_cat?post=569"},{"taxonomy":"product_tag","embeddable":true,"href":"https:\/\/annasoldevila.com\/es\/wp-json\/wp\/v2\/product_tag?post=569"}],"curies":[{"name":"wp","href":"https:\/\/api.w.org\/{rel}","templated":true}]}}