{"id":567,"date":"2026-03-16T11:08:03","date_gmt":"2026-03-16T10:08:03","guid":{"rendered":"https:\/\/annasoldevila.com\/?post_type=product&#038;p=567"},"modified":"2026-04-01T13:17:55","modified_gmt":"2026-04-01T11:17:55","slug":"lectura-de-carta-natal","status":"publish","type":"product","link":"https:\/\/annasoldevila.com\/es\/producto\/lectura-de-carta-natal\/","title":{"rendered":"Lectura de carta natal"},"content":{"rendered":"<p>Esta es una sesi\u00f3n de dos horas donde exploraremos el mapa natal, el c\u00f3digo con el que nacemos y que nos explica y trae comprensi\u00f3n sobre patrones de vida, nuestras facilidades, nuestras dificultades.<\/p>\n<p>La sesi\u00f3n incluye el mapa natal impreso y la grabaci\u00f3n de la lectura para que puedas consultarla con el tiempo.<\/p>\n<p>Duraci\u00f3n: 2 horas<\/p>\n<h6><a style=\"font-family: lora !important;\" href=\"\/es\/serveis\/\"><i>M\u00e1s informaci\u00f3n sobre servicios de astrolog\u00eda<\/i><\/a><\/h6>","protected":false},"excerpt":{"rendered":"<p>Aquesta \u00e9s una sessi\u00f3 de dues hores on explorarem el mapa natal, el codi amb el que naixem i que ens explica i porta comprensi\u00f3 sobre patrons de vida, les nostres facilitats, les nostres dificultats. La sessi\u00f3 inclou el mapa natal impr\u00e8s i la gravaci\u00f3 de la lectura perqu\u00e8 es pugui consultar amb el temps. [&hellip;]<\/p>\n","protected":false},"featured_media":568,"template":"","meta":[],"product_brand":[],"product_cat":[18],"product_tag":[],"class_list":{"0":"post-567","1":"product","2":"type-product","3":"status-publish","4":"has-post-thumbnail","6":"product_cat-sense-categoria","8":"first","9":"instock","10":"shipping-taxable","11":"purchasable","12":"product-type-variable"},"_links":{"self":[{"href":"https:\/\/annasoldevila.com\/es\/wp-json\/wp\/v2\/product\/567","targetHints":{"allow":["GET"]}}],"collection":[{"href":"https:\/\/annasoldevila.com\/es\/wp-json\/wp\/v2\/product"}],"about":[{"href":"https:\/\/annasoldevila.com\/es\/wp-json\/wp\/v2\/types\/product"}],"wp:featuredmedia":[{"embeddable":true,"href":"https:\/\/annasoldevila.com\/es\/wp-json\/wp\/v2\/media\/568"}],"wp:attachment":[{"href":"https:\/\/annasoldevila.com\/es\/wp-json\/wp\/v2\/media?parent=567"}],"wp:term":[{"taxonomy":"product_brand","embeddable":true,"href":"https:\/\/annasoldevila.com\/es\/wp-json\/wp\/v2\/product_brand?post=567"},{"taxonomy":"product_cat","embeddable":true,"href":"https:\/\/annasoldevila.com\/es\/wp-json\/wp\/v2\/product_cat?post=567"},{"taxonomy":"product_tag","embeddable":true,"href":"https:\/\/annasoldevila.com\/es\/wp-json\/wp\/v2\/product_tag?post=567"}],"curies":[{"name":"wp","href":"https:\/\/api.w.org\/{rel}","templated":true}]}}