{"id":664,"date":"2026-04-01T12:50:36","date_gmt":"2026-04-01T10:50:36","guid":{"rendered":"https:\/\/annasoldevila.com\/?page_id=664"},"modified":"2026-04-08T10:14:59","modified_gmt":"2026-04-08T08:14:59","slug":"botiga","status":"publish","type":"page","link":"https:\/\/annasoldevila.com\/es\/botiga\/","title":{"rendered":"Tienda"},"content":{"rendered":"<div data-elementor-type=\"wp-page\" data-elementor-id=\"664\" class=\"elementor elementor-664\" data-elementor-post-type=\"page\">\n\t\t\t\t<div class=\"elementor-element elementor-element-8d47ae3 e-flex e-con-boxed e-con e-parent\" data-id=\"8d47ae3\" data-element_type=\"container\" data-e-type=\"container\" data-settings=\"{&quot;background_background&quot;:&quot;classic&quot;}\">\n\t\t\t\t\t<div class=\"e-con-inner\">\n\t\t\t\t\t<\/div>\n\t\t\t\t<\/div>\n\t\t<div class=\"elementor-element elementor-element-3d3ba2b e-flex e-con-boxed e-con e-parent\" data-id=\"3d3ba2b\" data-element_type=\"container\" data-e-type=\"container\">\n\t\t\t\t\t<div class=\"e-con-inner\">\n\t\t<div class=\"elementor-element elementor-element-1e844c2 e-con-full e-flex e-con e-child\" data-id=\"1e844c2\" data-element_type=\"container\" data-e-type=\"container\">\n\t\t\t\t<div class=\"elementor-element elementor-element-4cad991 elementor-widget__width-initial elementor-widget elementor-widget-heading\" data-id=\"4cad991\" data-element_type=\"widget\" data-e-type=\"widget\" data-widget_type=\"heading.default\">\n\t\t\t\t\t<h2 class=\"elementor-heading-title elementor-size-default\">Tienda<\/h2>\t\t\t\t<\/div>\n\t\t\t\t<div class=\"elementor-element elementor-element-1efefc0 elementor-widget__width-initial elementor-widget elementor-widget-text-editor\" data-id=\"1efefc0\" data-element_type=\"widget\" data-e-type=\"widget\" data-widget_type=\"text-editor.default\">\n\t\t\t\t\t\t\t\t\t<p>Regalarnos espacios de Salud, de curiosidad, de autoconocimiento. Tanto si lo quieres para ti como para hacer un detalle. Invertir en nosotros como acto de amor propio.<\/p><p>Aqu\u00ed encontrar\u00e1s los diferentes servicios que puedes adquirir a trav\u00e9s de la web. Si tienes inter\u00e9s por algo que no sale en esta p\u00e1gina me puedes contactar y hablamos de las posibilidades.<\/p><p>En caso de que sea un regalo para alguien, <strong>marca la casella \u201c\u00e9s un regal\u201d<\/strong> Te contactar\u00e9 para hacer un vale de regalo personalizado.<\/p>\t\t\t\t\t\t\t\t<\/div>\n\t\t\t\t<\/div>\n\t\t\t\t\t<\/div>\n\t\t\t\t<\/div>\n\t\t<div class=\"elementor-element elementor-element-55e6bf2 e-flex e-con-boxed e-con e-parent\" data-id=\"55e6bf2\" data-element_type=\"container\" data-e-type=\"container\">\n\t\t\t\t\t<div class=\"e-con-inner\">\n\t\t\t\t<div class=\"elementor-element elementor-element-39c1dae elementor-grid-5 elementor-product-loop-item--align-center elementor-grid-tablet-3 elementor-grid-mobile-2 elementor-products-grid elementor-wc-products elementor-widget elementor-widget-woocommerce-products\" data-id=\"39c1dae\" data-element_type=\"widget\" data-e-type=\"widget\" data-widget_type=\"woocommerce-products.default\">\n\t\t\t\t<div class=\"elementor-widget-container\">\n\t\t\t\t\t<div class=\"woocommerce columns-5\"><ul class=\"products elementor-grid columns-5\">\n<li class=\"product type-product post-579 status-publish first instock product_cat-sense-categoria has-post-thumbnail virtual purchasable product-type-simple\">\n\t<a href=\"https:\/\/annasoldevila.com\/es\/producto\/suscripcio-semestral-a-trac-de-lluna\/\" class=\"woocommerce-LoopProduct-link woocommerce-loop-product__link\"><img fetchpriority=\"high\" decoding=\"async\" width=\"300\" height=\"300\" src=\"https:\/\/annasoldevila.com\/wp-content\/uploads\/2026\/03\/trac-lluna-300x300.jpg\" class=\"attachment-woocommerce_thumbnail size-woocommerce_thumbnail\" alt=\"Suscripci\u00f3 semestral a Tra\u00e7 de Lluna\" srcset=\"https:\/\/annasoldevila.com\/wp-content\/uploads\/2026\/03\/trac-lluna-300x300.jpg 300w, https:\/\/annasoldevila.com\/wp-content\/uploads\/2026\/03\/trac-lluna-150x150.jpg 150w, https:\/\/annasoldevila.com\/wp-content\/uploads\/2026\/03\/trac-lluna-100x100.jpg 100w\" sizes=\"(max-width: 300px) 100vw, 300px\" \/><h2 class=\"woocommerce-loop-product__title\">Suscripci\u00f3n semestral a Tra\u00e7 de Lluna<\/h2>\n\t<span class=\"price\"><span class=\"woocommerce-Price-amount amount\"><bdi>60,00&nbsp;<span class=\"woocommerce-Price-currencySymbol\">euro<\/span><\/bdi><\/span><\/span>\n<\/a><div class=\"woocommerce-loop-product__buttons\"><a href=\"\/es\/wp-json\/wp\/v2\/pages\/664?add-to-cart=579\" aria-describedby=\"woocommerce_loop_add_to_cart_link_describedby_579\" data-quantity=\"1\" class=\"button product_type_simple add_to_cart_button ajax_add_to_cart\" data-product_id=\"579\" data-product_sku=\"\" aria-label=\"A\u00f1adir al carrito: \u201cSuscripci\u00f3 semestral a Tra\u00e7 de Lluna\u201d\" rel=\"nofollow\" data-success_message=\"\u00abSuscripci\u00f3 semestral a Tra\u00e7 de Lluna\u00bb se ha a\u00f1adido a tu carrito\" data-no-translation=\"\" data-trp-gettext=\"\" data-no-translation-aria-label=\"\" data-no-translation-data-success_message=\"\">A\u00f1adir al carrito<\/a><\/div>\t<span id=\"woocommerce_loop_add_to_cart_link_describedby_579\" class=\"screen-reader-text\">\n\t\t\t<\/span>\n<\/li>\n<li class=\"product type-product post-574 status-publish instock product_cat-sense-categoria has-post-thumbnail virtual purchasable product-type-simple\">\n\t<a href=\"https:\/\/annasoldevila.com\/es\/producto\/sessio-de-reflexologia-podal\/\" class=\"woocommerce-LoopProduct-link woocommerce-loop-product__link\"><img decoding=\"async\" width=\"300\" height=\"300\" src=\"https:\/\/annasoldevila.com\/wp-content\/uploads\/2026\/03\/reflexologia-podal-300x300.jpg\" class=\"attachment-woocommerce_thumbnail size-woocommerce_thumbnail\" alt=\"Sessi\u00f3 de reflexologia podal\" srcset=\"https:\/\/annasoldevila.com\/wp-content\/uploads\/2026\/03\/reflexologia-podal-300x300.jpg 300w, https:\/\/annasoldevila.com\/wp-content\/uploads\/2026\/03\/reflexologia-podal-150x150.jpg 150w, https:\/\/annasoldevila.com\/wp-content\/uploads\/2026\/03\/reflexologia-podal-100x100.jpg 100w\" sizes=\"(max-width: 300px) 100vw, 300px\" \/><h2 class=\"woocommerce-loop-product__title\">Sesi\u00f3n de reflexolog\u00eda<\/h2>\n\t<span class=\"price\"><span class=\"woocommerce-Price-amount amount\"><bdi>60,00&nbsp;<span class=\"woocommerce-Price-currencySymbol\">euro<\/span><\/bdi><\/span><\/span>\n<\/a><div class=\"woocommerce-loop-product__buttons\"><a href=\"\/es\/wp-json\/wp\/v2\/pages\/664?add-to-cart=574\" aria-describedby=\"woocommerce_loop_add_to_cart_link_describedby_574\" data-quantity=\"1\" class=\"button product_type_simple add_to_cart_button ajax_add_to_cart\" data-product_id=\"574\" data-product_sku=\"\" aria-label=\"A\u00f1adir al carrito: \u201cSessi\u00f3 de reflexologia podal\u201d\" rel=\"nofollow\" data-success_message=\"\u00abSessi\u00f3 de reflexologia podal\u00bb se ha a\u00f1adido a tu carrito\" data-no-translation=\"\" data-trp-gettext=\"\" data-no-translation-aria-label=\"\" data-no-translation-data-success_message=\"\">A\u00f1adir al carrito<\/a><\/div>\t<span id=\"woocommerce_loop_add_to_cart_link_describedby_574\" class=\"screen-reader-text\">\n\t\t\t<\/span>\n<\/li>\n<li class=\"product type-product post-572 status-publish instock product_cat-sense-categoria has-post-thumbnail virtual purchasable product-type-simple\">\n\t<a href=\"https:\/\/annasoldevila.com\/es\/producto\/lectura-de-carta-natal-i-revolucio-solar\/\" class=\"woocommerce-LoopProduct-link woocommerce-loop-product__link\"><img decoding=\"async\" width=\"300\" height=\"300\" src=\"https:\/\/annasoldevila.com\/wp-content\/uploads\/2026\/03\/carta-revolucio-300x300.jpg\" class=\"attachment-woocommerce_thumbnail size-woocommerce_thumbnail\" alt=\"Lectura de carta natal i revoluci\u00f3 solar\" srcset=\"https:\/\/annasoldevila.com\/wp-content\/uploads\/2026\/03\/carta-revolucio-300x300.jpg 300w, https:\/\/annasoldevila.com\/wp-content\/uploads\/2026\/03\/carta-revolucio-150x150.jpg 150w, https:\/\/annasoldevila.com\/wp-content\/uploads\/2026\/03\/carta-revolucio-100x100.jpg 100w\" sizes=\"(max-width: 300px) 100vw, 300px\" \/><h2 class=\"woocommerce-loop-product__title\">Interpretaci\u00f3n de la carta natal y del retorno solar<\/h2>\n\t<span class=\"price\"><span class=\"woocommerce-Price-amount amount\"><bdi>200,00&nbsp;<span class=\"woocommerce-Price-currencySymbol\">euro<\/span><\/bdi><\/span><\/span>\n<\/a><div class=\"woocommerce-loop-product__buttons\"><a href=\"\/es\/wp-json\/wp\/v2\/pages\/664?add-to-cart=572\" aria-describedby=\"woocommerce_loop_add_to_cart_link_describedby_572\" data-quantity=\"1\" class=\"button product_type_simple add_to_cart_button ajax_add_to_cart\" data-product_id=\"572\" data-product_sku=\"\" aria-label=\"A\u00f1adir al carrito: \u201cLectura de carta natal i revoluci\u00f3 solar\u201d\" rel=\"nofollow\" data-success_message=\"\u00abLectura de carta natal i revoluci\u00f3 solar\u00bb se ha a\u00f1adido a tu carrito\" data-no-translation=\"\" data-trp-gettext=\"\" data-no-translation-aria-label=\"\" data-no-translation-data-success_message=\"\">A\u00f1adir al carrito<\/a><\/div>\t<span id=\"woocommerce_loop_add_to_cart_link_describedby_572\" class=\"screen-reader-text\">\n\t\t\t<\/span>\n<\/li>\n<li class=\"product type-product post-569 status-publish instock product_cat-sense-categoria has-post-thumbnail virtual purchasable product-type-simple\">\n\t<a href=\"https:\/\/annasoldevila.com\/es\/producto\/lectura-de-revolucio-solar\/\" class=\"woocommerce-LoopProduct-link woocommerce-loop-product__link\"><img loading=\"lazy\" decoding=\"async\" width=\"300\" height=\"300\" src=\"https:\/\/annasoldevila.com\/wp-content\/uploads\/2026\/03\/revolucio-solar-300x300.jpg\" class=\"attachment-woocommerce_thumbnail size-woocommerce_thumbnail\" alt=\"Lectura de revoluci\u00f3 solar\" srcset=\"https:\/\/annasoldevila.com\/wp-content\/uploads\/2026\/03\/revolucio-solar-300x300.jpg 300w, https:\/\/annasoldevila.com\/wp-content\/uploads\/2026\/03\/revolucio-solar-150x150.jpg 150w, https:\/\/annasoldevila.com\/wp-content\/uploads\/2026\/03\/revolucio-solar-100x100.jpg 100w\" sizes=\"(max-width: 300px) 100vw, 300px\" \/><h2 class=\"woocommerce-loop-product__title\">Interpretaci\u00f3n del retorno solar<\/h2>\n\t<span class=\"price\"><span class=\"woocommerce-Price-amount amount\"><bdi>90,00&nbsp;<span class=\"woocommerce-Price-currencySymbol\">euro<\/span><\/bdi><\/span><\/span>\n<\/a><div class=\"woocommerce-loop-product__buttons\"><a href=\"\/es\/wp-json\/wp\/v2\/pages\/664?add-to-cart=569\" aria-describedby=\"woocommerce_loop_add_to_cart_link_describedby_569\" data-quantity=\"1\" class=\"button product_type_simple add_to_cart_button ajax_add_to_cart\" data-product_id=\"569\" data-product_sku=\"\" aria-label=\"A\u00f1adir al carrito: \u201cLectura de revoluci\u00f3 solar\u201d\" rel=\"nofollow\" data-success_message=\"\u00abLectura de revoluci\u00f3 solar\u00bb se ha a\u00f1adido a tu carrito\" data-no-translation=\"\" data-trp-gettext=\"\" data-no-translation-aria-label=\"\" data-no-translation-data-success_message=\"\">A\u00f1adir al carrito<\/a><\/div>\t<span id=\"woocommerce_loop_add_to_cart_link_describedby_569\" class=\"screen-reader-text\">\n\t\t\t<\/span>\n<\/li>\n<li class=\"product type-product post-567 status-publish last instock product_cat-sense-categoria has-post-thumbnail shipping-taxable purchasable product-type-variable\">\n\t<a href=\"https:\/\/annasoldevila.com\/es\/producto\/lectura-de-carta-natal\/\" class=\"woocommerce-LoopProduct-link woocommerce-loop-product__link\"><img loading=\"lazy\" decoding=\"async\" width=\"300\" height=\"300\" src=\"https:\/\/annasoldevila.com\/wp-content\/uploads\/2026\/03\/astrologia-carta-natal-300x300.jpg\" class=\"attachment-woocommerce_thumbnail size-woocommerce_thumbnail\" alt=\"Lectura de carta natal\" srcset=\"https:\/\/annasoldevila.com\/wp-content\/uploads\/2026\/03\/astrologia-carta-natal-300x300.jpg 300w, https:\/\/annasoldevila.com\/wp-content\/uploads\/2026\/03\/astrologia-carta-natal-150x150.jpg 150w, https:\/\/annasoldevila.com\/wp-content\/uploads\/2026\/03\/astrologia-carta-natal-100x100.jpg 100w\" sizes=\"(max-width: 300px) 100vw, 300px\" \/><h2 class=\"woocommerce-loop-product__title\">Lectura de carta natal<\/h2>\n\t<span class=\"price\"><span class=\"woocommerce-Price-amount amount\"><bdi>120,00&nbsp;<span class=\"woocommerce-Price-currencySymbol\">euro<\/span><\/bdi><\/span><\/span>\n<\/a><div class=\"woocommerce-loop-product__buttons\"><a href=\"https:\/\/annasoldevila.com\/es\/producto\/lectura-de-carta-natal\/\" aria-describedby=\"woocommerce_loop_add_to_cart_link_describedby_567\" data-quantity=\"1\" class=\"button product_type_variable add_to_cart_button\" data-product_id=\"567\" data-product_sku=\"Carta-natal\" aria-label=\"Elige las opciones para \u201cLectura de carta natal\u201d\" rel=\"nofollow\" data-no-translation=\"\" data-trp-gettext=\"\" data-no-translation-aria-label=\"\">Seleccionar opciones<\/a><\/div>\t<span id=\"woocommerce_loop_add_to_cart_link_describedby_567\" class=\"screen-reader-text\">\n\t\tEste producto tiene m\u00faltiples variantes. Las opciones se pueden elegir en la p\u00e1gina de producto\t<\/span>\n<\/li>\n<\/ul>\n<\/div>\t\t\t\t<\/div>\n\t\t\t\t<\/div>\n\t\t\t\t\t<\/div>\n\t\t\t\t<\/div>\n\t\t<div class=\"elementor-element elementor-element-7d200ee e-flex e-con-boxed e-con e-parent\" data-id=\"7d200ee\" data-element_type=\"container\" data-e-type=\"container\" data-settings=\"{&quot;background_background&quot;:&quot;gradient&quot;}\">\n\t\t\t\t\t<div class=\"e-con-inner\">\n\t\t\t\t<div class=\"elementor-element elementor-element-9bbef15 elementor-widget__width-initial elementor-widget elementor-widget-heading\" data-id=\"9bbef15\" data-element_type=\"widget\" data-e-type=\"widget\" data-widget_type=\"heading.default\">\n\t\t\t\t\t<h2 class=\"elementor-heading-title elementor-size-default\">\u00bfQuieres saber m\u00e1s sobre mis servicios?<\/h2>\t\t\t\t<\/div>\n\t\t\t\t<div class=\"elementor-element elementor-element-9901853 elementor-align-center elementor-widget elementor-widget-button\" data-id=\"9901853\" data-element_type=\"widget\" data-e-type=\"widget\" data-widget_type=\"button.default\">\n\t\t\t\t\t\t\t\t\t\t<a class=\"elementor-button elementor-button-link elementor-size-sm elementor-animation-grow\" href=\"\/es\/serveis\/\">\n\t\t\t\t\t\t<span class=\"elementor-button-content-wrapper\">\n\t\t\t\t\t\t\t\t\t<span class=\"elementor-button-text\">Servicios<\/span>\n\t\t\t\t\t<\/span>\n\t\t\t\t\t<\/a>\n\t\t\t\t\t\t\t\t<\/div>\n\t\t\t\t\t<\/div>\n\t\t\t\t<\/div>\n\t\t\t\t<\/div>","protected":false},"excerpt":{"rendered":"<p>Botiga Regalar-nos espais de Salut, de curiositat, d\u2019autoconeixement. Tant si ho vols per tu com per fer un detall. Invertir en nosaltres com a acte d\u2019amor propi. Aqu\u00ed trobar\u00e0s els diferents serveis que pots adquirir a trav\u00e9s del web. Si tens inter\u00e8s per quelcom que no surt en aquesta p\u00e0gina em pots contactar i parlem [&hellip;]<\/p>\n","protected":false},"author":1,"featured_media":0,"parent":0,"menu_order":0,"comment_status":"closed","ping_status":"closed","template":"","meta":{"footnotes":""},"class_list":["post-664","page","type-page","status-publish","hentry"],"_links":{"self":[{"href":"https:\/\/annasoldevila.com\/es\/wp-json\/wp\/v2\/pages\/664","targetHints":{"allow":["GET"]}}],"collection":[{"href":"https:\/\/annasoldevila.com\/es\/wp-json\/wp\/v2\/pages"}],"about":[{"href":"https:\/\/annasoldevila.com\/es\/wp-json\/wp\/v2\/types\/page"}],"author":[{"embeddable":true,"href":"https:\/\/annasoldevila.com\/es\/wp-json\/wp\/v2\/users\/1"}],"replies":[{"embeddable":true,"href":"https:\/\/annasoldevila.com\/es\/wp-json\/wp\/v2\/comments?post=664"}],"version-history":[{"count":25,"href":"https:\/\/annasoldevila.com\/es\/wp-json\/wp\/v2\/pages\/664\/revisions"}],"predecessor-version":[{"id":710,"href":"https:\/\/annasoldevila.com\/es\/wp-json\/wp\/v2\/pages\/664\/revisions\/710"}],"wp:attachment":[{"href":"https:\/\/annasoldevila.com\/es\/wp-json\/wp\/v2\/media?parent=664"}],"curies":[{"name":"wp","href":"https:\/\/api.w.org\/{rel}","templated":true}]}}