{"id":37,"date":"2026-01-07T11:40:05","date_gmt":"2026-01-07T10:40:05","guid":{"rendered":"https:\/\/annasoldevila.com\/?page_id=37"},"modified":"2026-04-14T12:09:56","modified_gmt":"2026-04-14T10:09:56","slug":"teixit-dels-astres","status":"publish","type":"page","link":"https:\/\/annasoldevila.com\/es\/teixit-dels-astres\/","title":{"rendered":"Tejido de los astros"},"content":{"rendered":"<div data-elementor-type=\"wp-page\" data-elementor-id=\"37\" class=\"elementor elementor-37\" data-elementor-post-type=\"page\">\n\t\t\t\t<div class=\"elementor-element elementor-element-1b6a427 e-flex e-con-boxed e-con e-parent\" data-id=\"1b6a427\" data-element_type=\"container\" data-e-type=\"container\" data-settings=\"{&quot;background_background&quot;:&quot;classic&quot;}\">\n\t\t\t\t\t<div class=\"e-con-inner\">\n\t\t\t\t\t<\/div>\n\t\t\t\t<\/div>\n\t\t<div class=\"elementor-element elementor-element-6c8fdbb e-flex e-con-boxed e-con e-parent\" data-id=\"6c8fdbb\" data-element_type=\"container\" data-e-type=\"container\">\n\t\t\t\t\t<div class=\"e-con-inner\">\n\t\t<div class=\"elementor-element elementor-element-76967fc e-con-full e-flex e-con e-child\" data-id=\"76967fc\" data-element_type=\"container\" data-e-type=\"container\">\n\t\t\t\t<div class=\"elementor-element elementor-element-8724fb2 elementor-widget__width-initial elementor-widget elementor-widget-heading\" data-id=\"8724fb2\" data-element_type=\"widget\" data-e-type=\"widget\" data-widget_type=\"heading.default\">\n\t\t\t\t\t<h2 class=\"elementor-heading-title elementor-size-default\">El tejido de los astros<\/h2>\t\t\t\t<\/div>\n\t\t\t\t<\/div>\n\t\t\t\t\t<\/div>\n\t\t\t\t<\/div>\n\t\t<div class=\"elementor-element elementor-element-72abf39 e-con-full e-flex e-con e-parent\" data-id=\"72abf39\" data-element_type=\"container\" data-e-type=\"container\">\n\t\t\t\t<div class=\"elementor-element elementor-element-b7fae53 e-n-tabs-mobile elementor-widget elementor-widget-n-tabs\" data-id=\"b7fae53\" data-element_type=\"widget\" data-e-type=\"widget\" data-settings=\"{&quot;horizontal_scroll&quot;:&quot;disable&quot;}\" data-widget_type=\"nested-tabs.default\">\n\t\t\t\t\t\t\t<div class=\"e-n-tabs\" data-widget-number=\"192917075\" aria-label=\"Pesta\u00f1as. Abre elementos con Intro o Espacio, ci\u00e9rralos con Escape y navega con las fechas.\" data-no-translation-aria-label=\"\">\n\t\t\t<div class=\"e-n-tabs-heading\" role=\"tablist\">\n\t\t\t\t\t<button id=\"e-n-tab-title-1929170751\" data-tab-title-id=\"e-n-tab-title-1929170751\" class=\"e-n-tab-title\" aria-selected=\"true\" data-tab-index=\"1\" role=\"tab\" tabindex=\"0\" aria-controls=\"e-n-tab-content-1929170751\" style=\"--n-tabs-title-order: 1;\">\n\t\t\t\t\t\t<span class=\"e-n-tab-title-text\">\n\t\t\t\tRayo de luna\t\t\t<\/span>\n\t\t<\/button>\n\t\t\t\t\t<\/div>\n\t\t\t<div class=\"e-n-tabs-content\">\n\t\t\t\t<div id=\"e-n-tab-content-1929170751\" role=\"tabpanel\" aria-labelledby=\"e-n-tab-title-1929170751\" data-tab-index=\"1\" style=\"--n-tabs-title-order: 1;\" class=\"e-active elementor-element elementor-element-9580416 e-con-full e-flex e-con e-child\" data-id=\"9580416\" data-element_type=\"container\" data-e-type=\"container\">\n\t\t<div class=\"elementor-element elementor-element-669e357 e-flex e-con-boxed e-con e-child\" data-id=\"669e357\" data-element_type=\"container\" data-e-type=\"container\">\n\t\t\t\t\t<div class=\"e-con-inner\">\n\t\t\t\t<div class=\"elementor-element elementor-element-3a79242 elementor-widget__width-initial elementor-widget elementor-widget-heading\" data-id=\"3a79242\" data-element_type=\"widget\" data-e-type=\"widget\" data-widget_type=\"heading.default\">\n\t\t\t\t\t<h2 class=\"elementor-heading-title elementor-size-default\">El rastro de la luna <\/h2>\t\t\t\t<\/div>\n\t\t<div class=\"elementor-element elementor-element-c17a61a e-con-full e-flex e-con e-child\" data-id=\"c17a61a\" data-element_type=\"container\" data-e-type=\"container\">\n\t\t\t\t<div class=\"elementor-element elementor-element-e9a5162 elementor-widget__width-initial elementor-widget-mobile__width-inherit elementor-widget elementor-widget-text-editor\" data-id=\"e9a5162\" data-element_type=\"widget\" data-e-type=\"widget\" data-widget_type=\"text-editor.default\">\n\t\t\t\t\t\t\t\t\t<p>Propuesta de car\u00e1cter mensual en la que seguimos, exploramos y aprendemos <strong>sobre y con las Lunas nueva y llena<\/strong> del mes junto <strong>con todos los tr\u00e1ficos de<\/strong> <strong>Planetas que se dan en el Cosmos.<\/strong><\/p><p>\u2022 <strong>Hablamos tanto de grandes ciclos como de peque\u00f1os y c\u00f3mo \u00e9stos nos tocan y ofrecen una energ\u00eda disponible<\/strong> por nosotros con forma de eventos concretos tanto a nivel individual como colectivo.<\/p><p>\u2022 <strong>Trabajamos con las propias Cartas natales<\/strong> para conocer con mayor profundidad c\u00f3mo cada una puede vivir estos movimientos lunares y planetarios. No es un trabajo predictivo, sino que el enfoque es al realizar un proceso de autoconocimiento en este di\u00e1logo constante que hay entre nosotros y el Cielo. La energ\u00eda disponible que hay en cada momento puede ser vivida de una forma u otra y en funci\u00f3n de conocer nuestro C\u00f3digo Astrol\u00f3gico, podemos ir co-creando con ella de forma m\u00e1s consciente y presente.<\/p>\t\t\t\t\t\t\t\t<\/div>\n\t\t<div class=\"elementor-element elementor-element-1f8b446 e-con-full e-flex e-con e-child\" data-id=\"1f8b446\" data-element_type=\"container\" data-e-type=\"container\">\n\t\t\t\t<div class=\"elementor-element elementor-element-e090362 elementor-position-inline-start elementor-widget__width-initial elementor-view-default elementor-mobile-position-block-start elementor-widget elementor-widget-icon-box\" data-id=\"e090362\" data-element_type=\"widget\" data-e-type=\"widget\" data-widget_type=\"icon-box.default\">\n\t\t\t\t\t\t\t<div class=\"elementor-icon-box-wrapper\">\n\n\t\t\t\t\t\t<div class=\"elementor-icon-box-icon\">\n\t\t\t\t<span  class=\"elementor-icon\">\n\t\t\t\t<svg aria-hidden=\"true\" class=\"e-font-icon-svg e-fas-tasks\" viewbox=\"0 0 512 512\" xmlns=\"http:\/\/www.w3.org\/2000\/svg\"><path d=\"M139.61 35.5a12 12 0 0 0-17 0L58.93 98.81l-22.7-22.12a12 12 0 0 0-17 0L3.53 92.41a12 12 0 0 0 0 17l47.59 47.4a12.78 12.78 0 0 0 17.61 0l15.59-15.62L156.52 69a12.09 12.09 0 0 0 .09-17zm0 159.19a12 12 0 0 0-17 0l-63.68 63.72-22.7-22.1a12 12 0 0 0-17 0L3.53 252a12 12 0 0 0 0 17L51 316.5a12.77 12.77 0 0 0 17.6 0l15.7-15.69 72.2-72.22a12 12 0 0 0 .09-16.9zM64 368c-26.49 0-48.59 21.5-48.59 48S37.53 464 64 464a48 48 0 0 0 0-96zm432 16H208a16 16 0 0 0-16 16v32a16 16 0 0 0 16 16h288a16 16 0 0 0 16-16v-32a16 16 0 0 0-16-16zm0-320H208a16 16 0 0 0-16 16v32a16 16 0 0 0 16 16h288a16 16 0 0 0 16-16V80a16 16 0 0 0-16-16zm0 160H208a16 16 0 0 0-16 16v32a16 16 0 0 0 16 16h288a16 16 0 0 0 16-16v-32a16 16 0 0 0-16-16z\"><\/path><\/svg>\t\t\t\t<\/span>\n\t\t\t<\/div>\n\t\t\t\n\t\t\t\t\t\t<div class=\"elementor-icon-box-content\">\n\n\t\t\t\t\t\t\t\t\t<h3 class=\"elementor-icon-box-title\">\n\t\t\t\t\t\t<span  >\n\t\t\t\t\t\t\tDocumento cada luna nueva o llena para estar al d\u00eda\t\t\t\t\t\t<\/span>\n\t\t\t\t\t<\/h3>\n\t\t\t\t\n\t\t\t\t\t\t\t\t\t<p class=\"elementor-icon-box-description\">\n\t\t\t\t\t\tCada dos semanas, en cada nueva y llena luna, se recibe un documento con toda la explicaci\u00f3n del clima astral del momento. \u00c9ste puede incluir una propuesta de ritual, un comentario sobre la propia carta o algo que surja en aquella ocasi\u00f3n.\t\t\t\t\t<\/p>\n\t\t\t\t\n\t\t\t<\/div>\n\t\t\t\n\t\t<\/div>\n\t\t\t\t\t\t<\/div>\n\t\t\t\t<div class=\"elementor-element elementor-element-77f07c0 elementor-position-inline-start elementor-widget__width-initial elementor-view-default elementor-mobile-position-block-start elementor-widget elementor-widget-icon-box\" data-id=\"77f07c0\" data-element_type=\"widget\" data-e-type=\"widget\" data-widget_type=\"icon-box.default\">\n\t\t\t\t\t\t\t<div class=\"elementor-icon-box-wrapper\">\n\n\t\t\t\t\t\t<div class=\"elementor-icon-box-icon\">\n\t\t\t\t<span  class=\"elementor-icon\">\n\t\t\t\t<svg aria-hidden=\"true\" class=\"e-font-icon-svg e-fas-users\" viewbox=\"0 0 640 512\" xmlns=\"http:\/\/www.w3.org\/2000\/svg\"><path d=\"M96 224c35.3 0 64-28.7 64-64s-28.7-64-64-64-64 28.7-64 64 28.7 64 64 64zm448 0c35.3 0 64-28.7 64-64s-28.7-64-64-64-64 28.7-64 64 28.7 64 64 64zm32 32h-64c-17.6 0-33.5 7.1-45.1 18.6 40.3 22.1 68.9 62 75.1 109.4h66c17.7 0 32-14.3 32-32v-32c0-35.3-28.7-64-64-64zm-256 0c61.9 0 112-50.1 112-112S381.9 32 320 32 208 82.1 208 144s50.1 112 112 112zm76.8 32h-8.3c-20.8 10-43.9 16-68.5 16s-47.6-6-68.5-16h-8.3C179.6 288 128 339.6 128 403.2V432c0 26.5 21.5 48 48 48h288c26.5 0 48-21.5 48-48v-28.8c0-63.6-51.6-115.2-115.2-115.2zm-223.7-13.4C161.5 263.1 145.6 256 128 256H64c-35.3 0-64 28.7-64 64v32c0 17.7 14.3 32 32 32h65.9c6.3-47.4 34.9-87.3 75.2-109.4z\"><\/path><\/svg>\t\t\t\t<\/span>\n\t\t\t<\/div>\n\t\t\t\n\t\t\t\t\t\t<div class=\"elementor-icon-box-content\">\n\n\t\t\t\t\t\t\t\t\t<h3 class=\"elementor-icon-box-title\">\n\t\t\t\t\t\t<span  >\n\t\t\t\t\t\t\tEncuentro online mensual te\u00f3rico y para compartir\t\t\t\t\t\t<\/span>\n\t\t\t\t\t<\/h3>\n\t\t\t\t\n\t\t\t\t\t\t\t\t\t<p class=\"elementor-icon-box-description\">\n\t\t\t\t\t\tUna vez al mes, nos encontramos online para realizar el encuentro grupal donde compartir c\u00f3mo nos ha ido el mes y c\u00f3mo hemos vivido los tr\u00e1ficos y experiencias que nos han propuesto los Astros. Tambi\u00e9n es un espacio en el que nos acompa\u00f1amos mutuamente en este viaje en la espiral del Cosmos y donde podemos trabajar con las cartas de cada una, adem\u00e1s de obtener teor\u00eda que ayude a aprender un poco m\u00e1s de este maravilloso lenguaje sagrado. La Astrolog\u00eda es una v\u00eda para contar la Vida y en el seguimiento de los tr\u00e1ficos, encontramos una v\u00eda para contarnos a nosotros tambi\u00e9n, un poco m\u00e1s.\t\t\t\t\t<\/p>\n\t\t\t\t\n\t\t\t<\/div>\n\t\t\t\n\t\t<\/div>\n\t\t\t\t\t\t<\/div>\n\t\t\t\t<div class=\"elementor-element elementor-element-15e9ca8 elementor-widget elementor-widget-heading\" data-id=\"15e9ca8\" data-element_type=\"widget\" data-e-type=\"widget\" data-widget_type=\"heading.default\">\n\t\t\t\t\t<h2 class=\"elementor-heading-title elementor-size-default\">Adem\u00e1s, contamos con un grupo de whatsapp donde seguimos en contacto durante el mes y donde podemos compartir lo que necesitamos expresar.<\/h2>\t\t\t\t<\/div>\n\t\t\t\t<\/div>\n\t\t\t\t<\/div>\n\t\t<div class=\"elementor-element elementor-element-3a920d8 e-con-full e-flex e-con e-child\" data-id=\"3a920d8\" data-element_type=\"container\" data-e-type=\"container\">\n\t\t<div class=\"elementor-element elementor-element-f2e2f53 e-con-full e-flex e-con e-child\" data-id=\"f2e2f53\" data-element_type=\"container\" data-e-type=\"container\">\n\t\t\t\t<div class=\"elementor-element elementor-element-a0d2cee elementor-widget__width-initial elementor-widget elementor-widget-text-editor\" data-id=\"a0d2cee\" data-element_type=\"widget\" data-e-type=\"widget\" data-widget_type=\"text-editor.default\">\n\t\t\t\t\t\t\t\t\t<p>\u00c9ste es un grupo abierto a toda persona que tenga curiosidad por la Astrolog\u00eda, la Espiritualidad y la Conciencia. No se requieren conocimientos previos. S\u00ed que es necesaria la lectura de la Carta natal hecha para poder vincular lo que sucede en el Cielo con lo que sucede en nosotros.<\/p><p><strong>Encuentro online<\/strong> es el primer mi\u00e9rcoles de mes de 19h a 20:30h.<\/p><p><strong>Modalidad de pago<\/strong> es mensual o trimestral y la aportaci\u00f3n es de 15\u20ac mensuales o 60\u20ac trimestrales, con la intenci\u00f3n de favorecer el compromiso del grupo.<\/p><p>Formar parte de una comunidad en la que nos sentimos acogidas y respetadas ofrece una intimidad y profundidad muy valiosas<\/p>\t\t\t\t\t\t\t\t<\/div>\n\t\t<div class=\"elementor-element elementor-element-bde404c e-con-full e-flex e-con e-child\" data-id=\"bde404c\" data-element_type=\"container\" data-e-type=\"container\">\n\t\t\t\t<div class=\"elementor-element elementor-element-a03dedb elementor-widget elementor-widget-image\" data-id=\"a03dedb\" data-element_type=\"widget\" data-e-type=\"widget\" data-widget_type=\"image.default\">\n\t\t\t\t\t\t\t\t\t\t\t\t\t\t\t<img fetchpriority=\"high\" decoding=\"async\" width=\"1080\" height=\"1080\" src=\"https:\/\/annasoldevila.com\/wp-content\/uploads\/2026\/02\/trac-de-lluna-2.png\" class=\"attachment-large size-large wp-image-350\" alt=\"\" srcset=\"https:\/\/annasoldevila.com\/wp-content\/uploads\/2026\/02\/trac-de-lluna-2.png 1080w, https:\/\/annasoldevila.com\/wp-content\/uploads\/2026\/02\/trac-de-lluna-2-150x150.png 150w, https:\/\/annasoldevila.com\/wp-content\/uploads\/2026\/02\/trac-de-lluna-2-768x768.png 768w, https:\/\/annasoldevila.com\/wp-content\/uploads\/2026\/02\/trac-de-lluna-2-12x12.png 12w\" sizes=\"(max-width: 1080px) 100vw, 1080px\" \/>\t\t\t\t\t\t\t\t\t\t\t\t\t\t\t<\/div>\n\t\t\t\t<\/div>\n\t\t\t\t<\/div>\n\t\t\t\t<\/div>\n\t\t\t\t\t<\/div>\n\t\t\t\t<\/div>\n\t\t\t\t<\/div>\n\t\t\t\t\t<\/div>\n\t\t<\/div>\n\t\t\t\t\t\t<\/div>\n\t\t\t\t<\/div>\n\t\t\t\t<\/div>","protected":false},"excerpt":{"rendered":"<p>El teixit dels astres Tra\u00e7 de lluna Tra\u00e7 de Lluna Proposta de car\u00e0cter mensual en la que seguim, explorem i aprenem sobre i amb les Llunes nova i plena del mes juntament amb tots els tr\u00e0nsits de Planetes que es d\u00f3nen en el Cosmos. \u2022 Parlem tant de grans cicles com de petits i com [&hellip;]<\/p>\n","protected":false},"author":1,"featured_media":0,"parent":0,"menu_order":0,"comment_status":"closed","ping_status":"closed","template":"","meta":{"footnotes":""},"class_list":["post-37","page","type-page","status-publish","hentry"],"_links":{"self":[{"href":"https:\/\/annasoldevila.com\/es\/wp-json\/wp\/v2\/pages\/37","targetHints":{"allow":["GET"]}}],"collection":[{"href":"https:\/\/annasoldevila.com\/es\/wp-json\/wp\/v2\/pages"}],"about":[{"href":"https:\/\/annasoldevila.com\/es\/wp-json\/wp\/v2\/types\/page"}],"author":[{"embeddable":true,"href":"https:\/\/annasoldevila.com\/es\/wp-json\/wp\/v2\/users\/1"}],"replies":[{"embeddable":true,"href":"https:\/\/annasoldevila.com\/es\/wp-json\/wp\/v2\/comments?post=37"}],"version-history":[{"count":73,"href":"https:\/\/annasoldevila.com\/es\/wp-json\/wp\/v2\/pages\/37\/revisions"}],"predecessor-version":[{"id":885,"href":"https:\/\/annasoldevila.com\/es\/wp-json\/wp\/v2\/pages\/37\/revisions\/885"}],"wp:attachment":[{"href":"https:\/\/annasoldevila.com\/es\/wp-json\/wp\/v2\/media?parent=37"}],"curies":[{"name":"wp","href":"https:\/\/api.w.org\/{rel}","templated":true}]}}