{"id":280,"date":"2026-01-15T11:59:29","date_gmt":"2026-01-15T10:59:29","guid":{"rendered":"https:\/\/annasoldevila.com\/?page_id=280"},"modified":"2026-04-14T11:55:27","modified_gmt":"2026-04-14T09:55:27","slug":"sobre-mi","status":"publish","type":"page","link":"https:\/\/annasoldevila.com\/es\/sobre-mi\/","title":{"rendered":"Acerca de m\u00ed"},"content":{"rendered":"<div data-elementor-type=\"wp-page\" data-elementor-id=\"280\" class=\"elementor elementor-280\" data-elementor-post-type=\"page\">\n\t\t\t\t<div class=\"elementor-element elementor-element-08fdcb4 e-flex e-con-boxed elementor-invisible e-con e-parent\" data-id=\"08fdcb4\" data-element_type=\"container\" data-e-type=\"container\" data-settings=\"{&quot;background_background&quot;:&quot;classic&quot;,&quot;animation&quot;:&quot;fadeIn&quot;}\">\n\t\t\t\t\t<div class=\"e-con-inner\">\n\t\t<div class=\"elementor-element elementor-element-8f86edd e-con-full e-flex e-con e-child\" data-id=\"8f86edd\" data-element_type=\"container\" data-e-type=\"container\">\n\t\t\t\t<div class=\"elementor-element elementor-element-1fdbb73 elementor-widget__width-initial elementor-widget elementor-widget-heading\" data-id=\"1fdbb73\" data-element_type=\"widget\" data-e-type=\"widget\" data-widget_type=\"heading.default\">\n\t\t\t\t\t<h2 class=\"elementor-heading-title elementor-size-default\">Acerca de m\u00ed <\/h2>\t\t\t\t<\/div>\n\t\t\t\t<div class=\"elementor-element elementor-element-63b372c elementor-widget__width-initial elementor-widget elementor-widget-text-editor\" data-id=\"63b372c\" data-element_type=\"widget\" data-e-type=\"widget\" data-widget_type=\"text-editor.default\">\n\t\t\t\t\t\t\t\t\t<p>Procuro caminar la meva vida amb amor, coher\u00e8ncia, transpar\u00e8ncia i llibertat. En contacte amb la Natura, el silenci i els ritmes naturals. Valors que em guien i m\u2019ajuden a acompanyar.<\/p>\t\t\t\t\t\t\t\t<\/div>\n\t\t\t\t<div class=\"elementor-element elementor-element-734df93 elementor-widget__width-initial elementor-widget elementor-widget-text-editor\" data-id=\"734df93\" data-element_type=\"widget\" data-e-type=\"widget\" data-widget_type=\"text-editor.default\">\n\t\t\t\t\t\t\t\t\t<p><i>Treballo des del cor i des de la <\/i><i>pres\u00e8ncia, obrint espais per connectar amb tu mateixa.<\/i><\/p>\t\t\t\t\t\t\t\t<\/div>\n\t\t\t\t<div class=\"elementor-element elementor-element-e74243e elementor-widget__width-initial elementor-widget elementor-widget-text-editor\" data-id=\"e74243e\" data-element_type=\"widget\" data-e-type=\"widget\" data-widget_type=\"text-editor.default\">\n\t\t\t\t\t\t\t\t\t<p>Si vols saber m\u00e9s sobre la meva formaci\u00f3, a baix la tens detallada, per\u00f2 en aquest escrit em neix m\u00e9s parlarte una mica sobre mi i el que em d\u00f3na sentit. Tractar de transmetre qui soc com a reflexe del que pots trobar-te si v\u00e9ns a la meva consulta.<\/p><p>Sensible i apassionada, i a vegades una mica tossuda, intento posar totes les meves parts al servei i participaci\u00f3 en la Vida.<\/p><p>Els vincles s\u00f3n per mi el camp d\u2019experi\u00e8ncia de m\u00e9s autodescobriment ja que tot en aquesta Vida \u00e9s vincle.<\/p>\t\t\t\t\t\t\t\t<\/div>\n\t\t\t\t<div class=\"elementor-element elementor-element-21559d3 elementor-widget__width-initial elementor-widget elementor-widget-text-editor\" data-id=\"21559d3\" data-element_type=\"widget\" data-e-type=\"widget\" data-widget_type=\"text-editor.default\">\n\t\t\t\t\t\t\t\t\t<p><i>Soc una dona cuidadora de la gent que estimo per\u00f2 tamb\u00e9 del meu entorn i tots els \u00e9ssers que conformen <\/i><i>la Natura i la Vida.<\/i><\/p>\t\t\t\t\t\t\t\t<\/div>\n\t\t\t\t<\/div>\n\t\t<div class=\"elementor-element elementor-element-34af39f e-con-full e-flex e-con e-child\" data-id=\"34af39f\" data-element_type=\"container\" data-e-type=\"container\">\n\t\t\t\t<div class=\"elementor-element elementor-element-8ec9061 elementor-widget__width-inherit elementor-widget-mobile__width-inherit elementor-widget-tablet__width-inherit elementor-widget elementor-widget-image\" data-id=\"8ec9061\" data-element_type=\"widget\" data-e-type=\"widget\" data-widget_type=\"image.default\">\n\t\t\t\t\t\t\t\t\t\t\t\t\t\t\t<img fetchpriority=\"high\" decoding=\"async\" width=\"1082\" height=\"1496\" src=\"https:\/\/annasoldevila.com\/wp-content\/uploads\/2026\/01\/anna.jpg\" class=\"attachment-large size-large wp-image-234\" alt=\"\" srcset=\"https:\/\/annasoldevila.com\/wp-content\/uploads\/2026\/01\/anna.jpg 1082w, https:\/\/annasoldevila.com\/wp-content\/uploads\/2026\/01\/anna-768x1062.jpg 768w, https:\/\/annasoldevila.com\/wp-content\/uploads\/2026\/01\/anna-9x12.jpg 9w\" sizes=\"(max-width: 1082px) 100vw, 1082px\" \/>\t\t\t\t\t\t\t\t\t\t\t\t\t\t\t<\/div>\n\t\t\t\t<\/div>\n\t\t\t\t\t<\/div>\n\t\t\t\t<\/div>\n\t\t<div class=\"elementor-element elementor-element-ca999bd e-flex e-con-boxed e-con e-parent\" data-id=\"ca999bd\" data-element_type=\"container\" data-e-type=\"container\" data-settings=\"{&quot;background_background&quot;:&quot;classic&quot;}\">\n\t\t\t\t\t<div class=\"e-con-inner\">\n\t\t<div class=\"elementor-element elementor-element-12431d9 e-con-full e-flex e-con e-child\" data-id=\"12431d9\" data-element_type=\"container\" data-e-type=\"container\">\n\t\t\t\t<div class=\"elementor-element elementor-element-982d5d1 elementor-widget__width-initial elementor-widget elementor-widget-text-editor\" data-id=\"982d5d1\" data-element_type=\"widget\" data-e-type=\"widget\" data-widget_type=\"text-editor.default\">\n\t\t\t\t\t\t\t\t\t<p><i>Sento que som creadores de tot el que vivim, amb un prop\u00f2sit major del que a vegades podem veure en un <\/i><i>primer moment quan estem transitant experi\u00e8ncies fortes i intenses.<\/i><\/p>\t\t\t\t\t\t\t\t<\/div>\n\t\t\t\t<div class=\"elementor-element elementor-element-9d50a7a elementor-widget__width-initial elementor-widget elementor-widget-text-editor\" data-id=\"9d50a7a\" data-element_type=\"widget\" data-e-type=\"widget\" data-widget_type=\"text-editor.default\">\n\t\t\t\t\t\t\t\t\t<p>Davant d\u2019una situaci\u00f3 personal que ens estreta la mirada, poder veure la imatge completa ens aporta informaci\u00f3 que ens falta per transitar el moment vital en qu\u00e8 ens trobem. I aquesta \u00e9s una de les intencions principals dels proc\u00e9s d\u2019acompanyament, que ens permet obrir- nos a les experi\u00e8ncies de manera m\u00e9s completa, i processar-les des de les diferents dimensions en les que les vivim.<\/p><p>Em considero una persona espiritual i tamb\u00e9 terrenal. De fet, crec que aquesta \u00e9s la nostra completitut, no quedar-nos nom\u00e9s amb una de les dues.<\/p>\t\t\t\t\t\t\t\t<\/div>\n\t\t\t\t<\/div>\n\t\t<div class=\"elementor-element elementor-element-4bfd895 e-con-full e-flex e-con e-child\" data-id=\"4bfd895\" data-element_type=\"container\" data-e-type=\"container\">\n\t\t\t\t<div class=\"elementor-element elementor-element-303b734 elementor-widget__width-initial elementor-widget elementor-widget-text-editor\" data-id=\"303b734\" data-element_type=\"widget\" data-e-type=\"widget\" data-widget_type=\"text-editor.default\">\n\t\t\t\t\t\t\t\t\t<p>Aix\u00ed doncs, per mi la dimensi\u00f3 espiritual que s\u2019obra per descobrirnos, juntament amb el treball profund de la dimensi\u00f3 emocional i personal de la nostra hist\u00f2ria, \u00e9s vital pel proc\u00e9s de sanaci\u00f3 i desplegament de qui som essencialment. Ja que, des d\u2019on ho visc jo, la nostra \u00c0nima i el nostre Ego existeixen per alguna ra\u00f3 i es tracta de posar-los en di\u00e0leg i co-creaci\u00f3 en igualtat, com el nostre femen\u00ed i mascul\u00ed interns, per poder caminar aquesta vida amb tots els recursos que aquestes parts tenen per nosaltres.<\/p><p>No siempre es un camino f\u00e1cil, pero aprender a escucharme a m\u00ed misma me permite poco a poco mostrar m\u00e1s y m\u00e1s de m\u00ed misma y sorprenderme con lo que descubro.<\/p><h4><em>Porque no hay ning\u00fan lugar al que llegar; lo que ya estamos haciendo en el presente, en direcci\u00f3n al regreso a casa, es ya el lugar donde estar y existir. Paso a paso.<\/em><\/h4>\t\t\t\t\t\t\t\t<\/div>\n\t\t\t\t<\/div>\n\t\t\t\t\t<\/div>\n\t\t\t\t<\/div>\n\t\t<div class=\"elementor-element elementor-element-84300a2 e-flex e-con-boxed elementor-invisible e-con e-parent\" data-id=\"84300a2\" data-element_type=\"container\" data-e-type=\"container\" data-settings=\"{&quot;background_background&quot;:&quot;classic&quot;,&quot;animation&quot;:&quot;fadeIn&quot;}\">\n\t\t\t\t\t<div class=\"e-con-inner\">\n\t\t<div class=\"elementor-element elementor-element-3d1a804 e-con-full e-flex e-con e-child\" data-id=\"3d1a804\" data-element_type=\"container\" data-e-type=\"container\">\n\t\t\t\t<div class=\"elementor-element elementor-element-9807c68 elementor-widget__width-inherit elementor-widget-tablet__width-inherit elementor-widget elementor-widget-image\" data-id=\"9807c68\" data-element_type=\"widget\" data-e-type=\"widget\" data-widget_type=\"image.default\">\n\t\t\t\t\t\t\t\t\t\t\t\t\t\t\t<img decoding=\"async\" width=\"1051\" height=\"934\" src=\"https:\/\/annasoldevila.com\/wp-content\/uploads\/2026\/03\/anna-sobremi-formacio.jpg\" class=\"attachment-large size-large wp-image-429\" alt=\"\" srcset=\"https:\/\/annasoldevila.com\/wp-content\/uploads\/2026\/03\/anna-sobremi-formacio.jpg 1051w, https:\/\/annasoldevila.com\/wp-content\/uploads\/2026\/03\/anna-sobremi-formacio-768x683.jpg 768w, https:\/\/annasoldevila.com\/wp-content\/uploads\/2026\/03\/anna-sobremi-formacio-14x12.jpg 14w\" sizes=\"(max-width: 1051px) 100vw, 1051px\" \/>\t\t\t\t\t\t\t\t\t\t\t\t\t\t\t<\/div>\n\t\t\t\t<\/div>\n\t\t<div class=\"elementor-element elementor-element-4511839 e-con-full e-flex e-con e-child\" data-id=\"4511839\" data-element_type=\"container\" data-e-type=\"container\">\n\t\t\t\t<div class=\"elementor-element elementor-element-73c611c elementor-widget__width-initial elementor-widget elementor-widget-heading\" data-id=\"73c611c\" data-element_type=\"widget\" data-e-type=\"widget\" data-widget_type=\"heading.default\">\n\t\t\t\t\t<h2 class=\"elementor-heading-title elementor-size-default\">Formaci\u00f3n <\/h2>\t\t\t\t<\/div>\n\t\t\t\t<div class=\"elementor-element elementor-element-5938286 elementor-widget__width-initial elementor-widget elementor-widget-text-editor\" data-id=\"5938286\" data-element_type=\"widget\" data-e-type=\"widget\" data-widget_type=\"text-editor.default\">\n\t\t\t\t\t\t\t\t\t<p>Actualmente cursando monograf\u00edas en BMC \u2013 Body Mind Centering (Cercle Vital, Girona)<\/p><p>\u2022 Etolog\u00eda del car\u00e1cter, bioenerg\u00e9tica y el Eneagrama (GEA Psicolog\u00eda, 2024 Girona)<\/p><p>\u2022 Formaci\u00f3n sist\u00e9mica en la relaci\u00f3n terap\u00e9utica (Espai Obert Empord\u00e0, 2024 Figueres)<\/p><p>\u2022 Musicoterapia de la voz (Voz Integral, 2022 Barcelona)<\/p><p>\u2022 Formaci\u00f3n completa en astrolog\u00eda hol\u00edstica y terap\u00e9utica (Brisa Ferrante, 2020-2022 Barcelona)<\/p><p>\u2022 Terapia floral bot\u00e1nica (Sof\u00eda Knakal, Chile, 2022)<\/p><p>\u2022 Terapia con cristales para mujeres y conciencia c\u00edclica (Sof\u00eda Knakal, 2019-2020 Chile)<\/p><p>\u2022 Naturopat\u00eda y Floroterapia (ISMET Bcn, 2015-2018 Barcelona)<\/p><p>\u2022 Reflexolog\u00eda podal y hol\u00edstica (ISMET Barcelona, 2017-2018 Barcelona)<\/p><p>\u2022 Licenciatura en Gen\u00e9tica (Universidad Aut\u00f3noma de Barcelona, 2009-2013 Barcelona)<\/p>\t\t\t\t\t\t\t\t<\/div>\n\t\t\t\t<\/div>\n\t\t\t\t\t<\/div>\n\t\t\t\t<\/div>\n\t\t<div class=\"elementor-element elementor-element-b461481 animated-slow e-flex e-con-boxed elementor-invisible e-con e-parent\" data-id=\"b461481\" data-element_type=\"container\" data-e-type=\"container\" data-settings=\"{&quot;background_background&quot;:&quot;video&quot;,&quot;animation&quot;:&quot;fadeIn&quot;,&quot;background_video_link&quot;:&quot;https:\\\/\\\/annasoldevila.com\\\/wp-content\\\/uploads\\\/2026\\\/03\\\/redisseny-marca-2.mp4&quot;}\">\n\t\t\t\t\t<div class=\"e-con-inner\">\n\t\t<div class=\"elementor-background-video-container elementor-hidden-mobile\">\n\t\t\t\t\t\t\t<video class=\"elementor-background-video-hosted\" role=\"presentation\" autoplay muted playsinline loop><\/video>\n\t\t\t\t\t<\/div>\t\t<div class=\"elementor-element elementor-element-73bea86 elementor-widget__width-initial elementor-widget elementor-widget-heading\" data-id=\"73bea86\" data-element_type=\"widget\" data-e-type=\"widget\" data-widget_type=\"heading.default\">\n\t\t\t\t\t<h2 class=\"elementor-heading-title elementor-size-default\">M\u2019agrada viure en contacte amb els matissos, colors i textures que ens ofereix aquesta experi\u00e8ncia i des\nd\u2019aqu\u00ed tamb\u00e9 acompanyo. El proc\u00e9s pot ser un lloc profund per\u00f2 tamb\u00e9 lleuger, trist per\u00f2 tamb\u00e9 alegre,\nconegut per\u00f2 tamb\u00e9 nou.<\/h2>\t\t\t\t<\/div>\n\t\t<div class=\"elementor-element elementor-element-c84e38c e-con-full e-flex e-con e-child\" data-id=\"c84e38c\" data-element_type=\"container\" data-e-type=\"container\">\n\t\t\t\t<div class=\"elementor-element elementor-element-232a3bb elementor-widget__width-initial elementor-widget elementor-widget-text-editor\" data-id=\"232a3bb\" data-element_type=\"widget\" data-e-type=\"widget\" data-widget_type=\"text-editor.default\">\n\t\t\t\t\t\t\t\t\t<p>Si todo esto te resulta familiar o te despierta curiosidad, ser\u00e1 un placer acompa\u00f1arte en este proceso, que es \u00fanico para cada uno de nosotros. Mi funci\u00f3n es estar a tu lado mientras descubres el mapa que hay dentro de ti, en tu historia, tanto la que ya est\u00e1 escrita como la que a\u00fan est\u00e1 por escribir.<\/p>\t\t\t\t\t\t\t\t<\/div>\n\t\t\t\t<\/div>\n\t\t\t\t<div class=\"elementor-element elementor-element-fd1faa7 elementor-align-center elementor-widget elementor-widget-button\" data-id=\"fd1faa7\" data-element_type=\"widget\" data-e-type=\"widget\" data-widget_type=\"button.default\">\n\t\t\t\t\t\t\t\t\t\t<a class=\"elementor-button elementor-button-link elementor-size-sm elementor-animation-grow\" href=\"\/es\/contacte\/\">\n\t\t\t\t\t\t<span class=\"elementor-button-content-wrapper\">\n\t\t\t\t\t\t\t\t\t<span class=\"elementor-button-text\">Contacto<\/span>\n\t\t\t\t\t<\/span>\n\t\t\t\t\t<\/a>\n\t\t\t\t\t\t\t\t<\/div>\n\t\t\t\t\t<\/div>\n\t\t\t\t<\/div>\n\t\t\t\t<\/div>","protected":false},"excerpt":{"rendered":"<p>Sobre mi Procuro caminar la meva vida amb amor, coher\u00e8ncia, transpar\u00e8ncia i llibertat. En contacte amb la Natura, el silenci i els ritmes naturals. Valors que em guien i m\u2019ajuden a acompanyar. Treballo des del cor i des de la pres\u00e8ncia, obrint espais per connectar amb tu mateixa. Si vols saber m\u00e9s sobre la meva [&hellip;]<\/p>\n","protected":false},"author":1,"featured_media":0,"parent":0,"menu_order":0,"comment_status":"closed","ping_status":"closed","template":"","meta":{"footnotes":""},"class_list":["post-280","page","type-page","status-publish","hentry"],"_links":{"self":[{"href":"https:\/\/annasoldevila.com\/es\/wp-json\/wp\/v2\/pages\/280","targetHints":{"allow":["GET"]}}],"collection":[{"href":"https:\/\/annasoldevila.com\/es\/wp-json\/wp\/v2\/pages"}],"about":[{"href":"https:\/\/annasoldevila.com\/es\/wp-json\/wp\/v2\/types\/page"}],"author":[{"embeddable":true,"href":"https:\/\/annasoldevila.com\/es\/wp-json\/wp\/v2\/users\/1"}],"replies":[{"embeddable":true,"href":"https:\/\/annasoldevila.com\/es\/wp-json\/wp\/v2\/comments?post=280"}],"version-history":[{"count":82,"href":"https:\/\/annasoldevila.com\/es\/wp-json\/wp\/v2\/pages\/280\/revisions"}],"predecessor-version":[{"id":874,"href":"https:\/\/annasoldevila.com\/es\/wp-json\/wp\/v2\/pages\/280\/revisions\/874"}],"wp:attachment":[{"href":"https:\/\/annasoldevila.com\/es\/wp-json\/wp\/v2\/media?parent=280"}],"curies":[{"name":"wp","href":"https:\/\/api.w.org\/{rel}","templated":true}]}}