{"id":14,"date":"2025-07-17T12:56:14","date_gmt":"2025-07-17T10:56:14","guid":{"rendered":"https:\/\/puntiseguit.framegirona2.dev\/?page_id=14"},"modified":"2026-04-13T13:33:55","modified_gmt":"2026-04-13T11:33:55","slug":"avis-legal","status":"publish","type":"page","link":"https:\/\/annasoldevila.com\/es\/avis-legal\/","title":{"rendered":"Aviso legal"},"content":{"rendered":"<div data-elementor-type=\"wp-page\" data-elementor-id=\"14\" class=\"elementor elementor-14\" data-elementor-post-type=\"page\">\n\t\t\t\t<div class=\"elementor-element elementor-element-4400f58 e-flex e-con-boxed elementor-invisible e-con e-parent\" data-id=\"4400f58\" data-element_type=\"container\" data-e-type=\"container\" data-settings=\"{&quot;background_background&quot;:&quot;classic&quot;,&quot;animation&quot;:&quot;fadeIn&quot;}\">\n\t\t\t\t\t<div class=\"e-con-inner\">\n\t\t<div class=\"elementor-element elementor-element-7ea5bba e-con-full e-flex e-con e-child\" data-id=\"7ea5bba\" data-element_type=\"container\" data-e-type=\"container\">\n\t\t\t\t<div class=\"elementor-element elementor-element-d2e6f8b elementor-widget__width-initial elementor-widget elementor-widget-heading\" data-id=\"d2e6f8b\" data-element_type=\"widget\" data-e-type=\"widget\" data-widget_type=\"heading.default\">\n\t\t\t\t\t<h2 class=\"elementor-heading-title elementor-size-default\">AV\u00cdS LEGAL<\/h2>\t\t\t\t<\/div>\n\t\t\t\t<div class=\"elementor-element elementor-element-d396964 elementor-widget__width-initial elementor-widget elementor-widget-text-editor\" data-id=\"d396964\" data-element_type=\"widget\" data-e-type=\"widget\" data-widget_type=\"text-editor.default\">\n\t\t\t\t\t\t\t\t\t<div class=\"page\" title=\"Page 12\"><div class=\"layoutArea\"><div class=\"column\"><div class=\"page\" title=\"Page 12\"><div class=\"layoutArea\"><div class=\"column\"><p><strong>Identificacio\u0301 i Titularitat<\/strong><\/p><p>En compliment de l&#8217;article 10 de la Llei 34\/2002, d&#8217;11 de juliol, de serveis de la societat de la informacio\u0301 i de comerc\u0327 electro\u0300nic, el Titular exposa les seves dades identificatives:<\/p><p>\u2022<span style=\"text-decoration: underline;\">Titular<\/span>Anna Soldevila<br \/>\u2022<span style=\"text-decoration: underline;\">DNI<\/span>39383256B<br \/>\u2022<span style=\"text-decoration: underline;\">Domicilio<\/span>Vilamar\u00ed, Girona \u2013 Espa\u00f1a. \u2022 Correo electr\u00f3nico: info@annasoldevila.com<br \/>\u2022<span style=\"text-decoration: underline;\">Sitio web<\/span>: www.annasoldevila.com<\/p><p>La finalitat del lloc web e\u0301s: serveis terape\u0300utics.<\/p><p><strong>Condicions d&#8217;u\u0301s<\/strong><\/p><p>La utilitzacio\u0301 del lloc web li atorga la condicio\u0301 d&#8217;Usuari, i implica l&#8217;acceptacio\u0301 completa de totes les cla\u0300usules i condicions d&#8217;u\u0301s incloses a les pa\u0300gines:<\/p><p>Aviso Legal<br \/>Pol\u00edtica de Privacidad <br \/>\u2022Poli\u0301tica de Cookies<\/p><p>Si no estigue\u0301s conforme amb totes i cadascuna d&#8217;aquestes cla\u0300usules i condicions, abstingui&#8217;s d&#8217;utilitzar el lloc web.<\/p><p>L&#8217;acce\u0301s al lloc web no suposa, en cap manera, l&#8217;inici d&#8217;una relacio\u0301 comercial amb el Titular.<\/p><p>A trave\u0301s del lloc web, el Titular li facilita l&#8217;acce\u0301s i la utilitzacio\u0301 de diversos continguts que el Titular i\/o els seus col\u00b7laboradors han publicat per mitja\u0300 d&#8217;Internet.<\/p><p>A aquest efecte, esta\u0300 obligat i comprome\u0300s a NO utilitzar cap dels continguts del lloc web amb finalitats o efectes il\u00b7li\u0301cits, prohibits en aquest Avi\u0301s Legal o per la legislacio\u0301 vigent, lesius dels drets i interessos de tercers, o que de qualsevol manera puguin danyar, inutilitzar, sobrecarregar, deteriorar o impedir la normal utilitzacio\u0301 dels continguts, els equips informa\u0300tics o els documents, fitxers i tota classe de continguts emmagatzemats en qualsevol equip informa\u0300tic propi o contractat pel Titular, d&#8217;altres usuaris o de qualsevol usuari d&#8217;Internet.<\/p><p><strong>Mesures de seguretat<\/strong><\/p><p>Les dades personals que faciliti al Titular poden ser emmagatzemades en bases de dades automatitzades o no, la titularitat de les quals correspon en exclusiva al Titular, que assumeix totes les mesures de caire te\u0300cnic, organitzatiu i de seguretat que garanteixen la confidencialitat, integritat i qualitat de la informacio\u0301 continguda en aquestes d&#8217;acord amb el que estableix la normativa vigent en proteccio\u0301 de dades.<\/p><p>No obstant aixo\u0300, ha de ser conscient que les mesures de seguretat dels sistemes informa\u0300tics a Internet no so\u0301n del tot fiables i que, per tant, el Titular no pot garantir la inexiste\u0300ncia de virus o altres elements que puguin<\/p><\/div><\/div><\/div><div class=\"page\" title=\"Page 13\"><div class=\"layoutArea\"><div class=\"column\"><p>produir alteracions en els sistemes informa\u0300tics (programari i maquinari) de l&#8217;Usuari o en els seus documents electro\u0300nics i fitxers continguts en aquests, encara que el Titular posa tots els mitjans necessaris i pren les mesures de seguretat oportunes per evitar la prese\u0300ncia d&#8217;aquests elements nocius.<\/p><p><strong>Tractament de dades personals<\/strong><\/p><p>Pot consultar tota la informacio\u0301 relativa al tractament de dades personals que recull el Titular a la pa\u0300gina de Poli\u0301tica de Privadesa.<\/p><p><strong>Continguts<\/strong><\/p><p>El Titular ha obtingut la informacio\u0301, el contingut multime\u0300dia i els materials inclosos en el lloc web de fonts que considera fiables, pero\u0300, si be\u0301 ha pres totes les mesures raonables per assegurar que la informacio\u0301 continguda e\u0301s correcta, el Titular no garanteix que sigui exacta, completa o actualitzada. El Titular declina expressament qualsevol responsabilitat per error o omissio\u0301 en la informacio\u0301 continguda en les pa\u0300gines del lloc web.<\/p><p>Queda prohibit transmetre o enviar a trave\u0301s del lloc web qualsevol contingut il\u00b7legal o il\u00b7li\u0301cit, virus informa\u0300tics, o missatges que, en general, afectin o vulnerin drets del Titular o de tercers.<\/p><p>Els continguts del lloc web tenen u\u0301nicament una finalitat informativa i sota cap circumsta\u0300ncia han d&#8217;usar-se ni considerar-se com a oferta de venda, sol\u00b7licitud d&#8217;una oferta de compra ni recomanacio\u0301 per realitzar qualsevol altra operacio\u0301, excepte que aixi\u0301 s&#8217;indiqui expressament.<\/p><p>El Titular es reserva el dret a modificar, suspendre, cancel\u00b7lar o restringir el contingut del lloc web, els enllac\u0327os o la informacio\u0301 obtinguda a trave\u0301s del lloc web, sense necessitat de previ avi\u0301s.<\/p><p>El Titular no e\u0301s responsable dels danys i perjudicis que es poguessin derivar de la utilitzacio\u0301 de la informacio\u0301 del lloc web.<\/p><p><strong>Poli\u0301tica de cookies<\/strong><\/p><p>Puede consultar toda la informaci\u00f3n relativa a la pol\u00edtica de recogida y tratamiento de las cookies en la p\u00e1gina de Pol\u00edtica de Cookies.<\/p><p>Enllac\u0327os a altres llocs web<\/p><p>El Titular pot proporcionar-li acce\u0301s a llocs web de tercers mitjanc\u0327ant enllac\u0327os amb la finalitat exclusiva d&#8217;informar sobre l&#8217;existe\u0300ncia d&#8217;altres fonts d&#8217;informacio\u0301 a Internet en que\u0300 podra\u0300 ampliar les dades ofertes en el lloc web.<\/p><p>Aquests enllac\u0327os a altres llocs web no suposen en cap cas un suggeriment o recomanacio\u0301 perque\u0300 voste\u0300 visiti les pa\u0300gines web de destinacio\u0301, que estan fora del control del Titular, per la qual cosa el Titular no e\u0301s responsable del contingut dels llocs web vinculats ni del resultat que obtingui en seguir els enllac\u0327os. Aixi\u0301 mateix, el Titular no respon dels enllac\u0327os ubicats en els llocs web vinculats als que li proporciona acce\u0301s.<\/p><p>L&#8217;establiment de l&#8217;enllac\u0327 no implica en cap cas l&#8217;existe\u0300ncia de relacions entre el Titular i el propietari del lloc en que\u0300 s&#8217;estableixi l&#8217;enllac\u0327, ni l&#8217;acceptacio\u0301 o aprovacio\u0301 per part del Titular dels seus continguts o serveis.<\/p><\/div><\/div><\/div><div class=\"page\" title=\"P\u00e1gina 14\"><div class=\"layoutArea\"><div class=\"column\"><p>Si accedeix a un lloc web extern des d&#8217;un enllac\u0327 que trobi en el lloc web, haura\u0300 de llegir la pro\u0300pia poli\u0301tica de privadesa de l&#8217;altre lloc web que pot ser diferent de la d&#8217;aquest lloc web.<\/p><p><strong>Propietat intel\u00b7lectual i industrial<\/strong><\/p><p>Tots els drets estan reservats.<\/p><p>Tot acce\u0301s a aquest lloc web esta\u0300 subjecte a les condicions segu\u0308ents: la reproduccio\u0301, emmagatzematge permanent i la difusio\u0301 dels continguts o qualsevol altre u\u0301s que tingui finalitat pu\u0301blica o comercial queda expressament prohibida sense el consentiment previ expre\u0301s i per escrit del Titular.<\/p><p><strong>Limitacio\u0301 de responsabilitat<\/strong><\/p><p>El Titular declina qualsevol responsabilitat en cas que existeixin interrupcions o un mal funcionament dels Serveis o continguts oferts a Internet, qualsevol que sigui la seva causa. Aixi\u0301 mateix, el Titular no es fa responsable per caigudes de la xarxa, pe\u0300rdues de negoci com a consequ\u0308e\u0300ncia d&#8217;aquestes caigudes, suspensions temporals de fluid ele\u0300ctric o qualsevol altre tipus de dany indirecte que li pugui ser causat per causes alienes al Titular.<\/p><p>Abans de prendre decisions i\/o accions amb base a la informacio\u0301 inclosa en el lloc web, el Titular li recomana comprovar i contrastar la informacio\u0301 rebuda amb altres fonts.<\/p><p><strong>Jurisdiccio\u0301<\/strong><\/p><p>Aquest Avi\u0301s Legal es regeix i\u0301ntegrament per la legislacio\u0301 espanyola.<\/p><p><strong>Contacto<\/strong><\/p><p>En cas que voste\u0300 tingui qualsevol dubte sobre aquest Avi\u0301s Legal o vulgui fer qualsevol comentari sobre el lloc web, pot enviar un missatge de correu electro\u0300nic a l&#8217;adrec\u0327a: info@annasoldevila.com<\/p><\/div><\/div><\/div><\/div><\/div><\/div>\t\t\t\t\t\t\t\t<\/div>\n\t\t\t\t<\/div>\n\t\t\t\t\t<\/div>\n\t\t\t\t<\/div>\n\t\t\t\t<\/div>","protected":false},"excerpt":{"rendered":"<p>AV\u00cdS LEGAL Identificacio\u0301 i Titularitat En compliment de l&#8217;article 10 de la Llei 34\/2002, d&#8217;11 de juliol, de serveis de la societat de la informacio\u0301 i de comerc\u0327 electro\u0300nic, el Titular exposa les seves dades identificatives: \u2022Titular: Anna Soldevila \u2022NIF: 39383256B \u2022Domicili: Vilamari\u0301, Girona \u2013 Espanya. \u2022Correu electro\u0300nic: info@annasoldevila.com \u2022Lloc web: www.annasoldevila.com La finalitat del [&hellip;]<\/p>\n","protected":false},"author":1,"featured_media":0,"parent":0,"menu_order":0,"comment_status":"closed","ping_status":"closed","template":"","meta":{"footnotes":""},"class_list":["post-14","page","type-page","status-publish","hentry"],"_links":{"self":[{"href":"https:\/\/annasoldevila.com\/es\/wp-json\/wp\/v2\/pages\/14","targetHints":{"allow":["GET"]}}],"collection":[{"href":"https:\/\/annasoldevila.com\/es\/wp-json\/wp\/v2\/pages"}],"about":[{"href":"https:\/\/annasoldevila.com\/es\/wp-json\/wp\/v2\/types\/page"}],"author":[{"embeddable":true,"href":"https:\/\/annasoldevila.com\/es\/wp-json\/wp\/v2\/users\/1"}],"replies":[{"embeddable":true,"href":"https:\/\/annasoldevila.com\/es\/wp-json\/wp\/v2\/comments?post=14"}],"version-history":[{"count":9,"href":"https:\/\/annasoldevila.com\/es\/wp-json\/wp\/v2\/pages\/14\/revisions"}],"predecessor-version":[{"id":854,"href":"https:\/\/annasoldevila.com\/es\/wp-json\/wp\/v2\/pages\/14\/revisions\/854"}],"wp:attachment":[{"href":"https:\/\/annasoldevila.com\/es\/wp-json\/wp\/v2\/media?parent=14"}],"curies":[{"name":"wp","href":"https:\/\/api.w.org\/{rel}","templated":true}]}}