{"id":12,"date":"2025-07-04T13:35:11","date_gmt":"2025-07-04T11:35:11","guid":{"rendered":"https:\/\/backup.framegirona.dev\/?page_id=12"},"modified":"2026-04-14T12:00:16","modified_gmt":"2026-04-14T10:00:16","slug":"inici","status":"publish","type":"page","link":"https:\/\/annasoldevila.com\/es\/","title":{"rendered":"Inicio"},"content":{"rendered":"\t\t<div data-elementor-type=\"wp-page\" data-elementor-id=\"12\" class=\"elementor elementor-12\" data-elementor-post-type=\"page\">\n\t\t\t\t<div class=\"elementor-element elementor-element-e865c64 e-flex e-con-boxed elementor-invisible e-con e-parent\" data-id=\"e865c64\" data-element_type=\"container\" data-e-type=\"container\" data-settings=\"{&quot;background_background&quot;:&quot;slideshow&quot;,&quot;background_slideshow_gallery&quot;:[{&quot;id&quot;:861,&quot;url&quot;:&quot;https:\\\/\\\/annasoldevila.com\\\/wp-content\\\/uploads\\\/2026\\\/04\\\/Anna-Soldevila.jpg&quot;},{&quot;id&quot;:400,&quot;url&quot;:&quot;https:\\\/\\\/annasoldevila.com\\\/wp-content\\\/uploads\\\/2026\\\/03\\\/terapia-integrativa.jpg&quot;},{&quot;id&quot;:398,&quot;url&quot;:&quot;https:\\\/\\\/annasoldevila.com\\\/wp-content\\\/uploads\\\/2026\\\/03\\\/anna-solde.jpg&quot;}],&quot;background_slideshow_slide_duration&quot;:3000,&quot;background_slideshow_ken_burns&quot;:&quot;yes&quot;,&quot;animation&quot;:&quot;fadeIn&quot;,&quot;background_slideshow_loop&quot;:&quot;yes&quot;,&quot;background_slideshow_slide_transition&quot;:&quot;fade&quot;,&quot;background_slideshow_transition_duration&quot;:500,&quot;background_slideshow_ken_burns_zoom_direction&quot;:&quot;in&quot;}\">\n\t\t\t\t\t<div class=\"e-con-inner\">\n\t\t\t\t<div class=\"elementor-element elementor-element-ee0c00a animated-slow elementor-widget-mobile__width-initial elementor-invisible elementor-widget elementor-widget-heading\" data-id=\"ee0c00a\" data-element_type=\"widget\" data-e-type=\"widget\" data-settings=\"{&quot;_animation&quot;:&quot;fadeIn&quot;,&quot;_animation_delay&quot;:1400}\" data-widget_type=\"heading.default\">\n\t\t\t\t\t<h2 class=\"elementor-heading-title elementor-size-default\">T\u2019acompanyo a descobrir el cam\u00ed per desplegar-te<\/h2>\t\t\t\t<\/div>\n\t\t\t\t\t<\/div>\n\t\t\t\t<\/div>\n\t\t<div class=\"elementor-element elementor-element-9aa76c3 e-flex e-con-boxed e-con e-parent\" data-id=\"9aa76c3\" data-element_type=\"container\" data-e-type=\"container\" data-settings=\"{&quot;background_background&quot;:&quot;classic&quot;}\">\n\t\t\t\t\t<div class=\"e-con-inner\">\n\t\t<div class=\"elementor-element elementor-element-c56d47a e-con-full e-flex e-con e-child\" data-id=\"c56d47a\" data-element_type=\"container\" data-e-type=\"container\">\n\t\t\t\t<div class=\"elementor-element elementor-element-61d4ad9 elementor-widget__width-initial elementor-widget elementor-widget-heading\" data-id=\"61d4ad9\" data-element_type=\"widget\" data-e-type=\"widget\" data-widget_type=\"heading.default\">\n\t\t\t\t\t<h2 class=\"elementor-heading-title elementor-size-default\">Acompanyo processos d\u2019individuaci\u00f3, profunditzaci\u00f3 i retrobada amb el ser.<\/h2>\t\t\t\t<\/div>\n\t\t\t\t<div class=\"elementor-element elementor-element-f86cead elementor-widget__width-initial elementor-widget elementor-widget-text-editor\" data-id=\"f86cead\" data-element_type=\"widget\" data-e-type=\"widget\" data-widget_type=\"text-editor.default\">\n\t\t\t\t\t\t\t\t\t<p>Ens posem al servei del que \u00e9s essencial, per tornar a la nostra naturalesa interna, descobrint-nos de nou. Per persones que volen con\u00e8ixer i gestionar el seu m\u00f3n intern i explorar noves vies d\u2019expressi\u00f3, en un proc\u00e9s d\u2019autoconeixement fet a mida per cada una, que t\u2019apropa al teu centre, benestar i llibertat.<span class=\"Apple-converted-space\">\u00a0<\/span><\/p>\t\t\t\t\t\t\t\t<\/div>\n\t\t\t\t<div class=\"elementor-element elementor-element-e48a116 elementor-align-center elementor-widget elementor-widget-button\" data-id=\"e48a116\" data-element_type=\"widget\" data-e-type=\"widget\" data-widget_type=\"button.default\">\n\t\t\t\t\t\t\t\t\t\t<a class=\"elementor-button elementor-button-link elementor-size-sm elementor-animation-grow\" href=\"\/sobre-mi\/\">\n\t\t\t\t\t\t<span class=\"elementor-button-content-wrapper\">\n\t\t\t\t\t\t\t\t\t<span class=\"elementor-button-text\">Sobre mi <\/span>\n\t\t\t\t\t<\/span>\n\t\t\t\t\t<\/a>\n\t\t\t\t\t\t\t\t<\/div>\n\t\t\t\t<\/div>\n\t\t\t\t\t<\/div>\n\t\t\t\t<\/div>\n\t\t<div class=\"elementor-element elementor-element-c32913c e-flex e-con-boxed elementor-invisible e-con e-parent\" data-id=\"c32913c\" data-element_type=\"container\" data-e-type=\"container\" data-settings=\"{&quot;background_background&quot;:&quot;classic&quot;,&quot;animation&quot;:&quot;fadeIn&quot;}\">\n\t\t\t\t\t<div class=\"e-con-inner\">\n\t\t\t\t<div class=\"elementor-element elementor-element-d03b950 elementor-widget__width-initial elementor-widget elementor-widget-heading\" data-id=\"d03b950\" data-element_type=\"widget\" data-e-type=\"widget\" data-widget_type=\"heading.default\">\n\t\t\t\t\t<h2 class=\"elementor-heading-title elementor-size-default\">Serveis que ofereixo<\/h2>\t\t\t\t<\/div>\n\t\t\t\t\t<\/div>\n\t\t\t\t<\/div>\n\t\t<div class=\"elementor-element elementor-element-56c70b5 e-con-full e-flex elementor-invisible e-con e-parent\" data-id=\"56c70b5\" data-element_type=\"container\" data-e-type=\"container\" data-settings=\"{&quot;background_background&quot;:&quot;classic&quot;,&quot;animation&quot;:&quot;fadeIn&quot;}\">\n\t\t<div class=\"elementor-element elementor-element-a45de89 e-con-full e-flex e-con e-child\" data-id=\"a45de89\" data-element_type=\"container\" data-e-type=\"container\">\n\t\t\t\t<div class=\"elementor-element elementor-element-b13b60c elementor-widget-tablet__width-inherit elementor-widget elementor-widget-image\" data-id=\"b13b60c\" data-element_type=\"widget\" data-e-type=\"widget\" data-widget_type=\"image.default\">\n\t\t\t\t\t\t\t\t\t\t\t\t\t\t\t\t<a href=\"\/serveis\">\n\t\t\t\t\t\t\t<img fetchpriority=\"high\" decoding=\"async\" width=\"600\" height=\"533\" src=\"https:\/\/annasoldevila.com\/wp-content\/uploads\/2026\/03\/acompany.jpg\" class=\"elementor-animation-grow attachment-large size-large wp-image-387\" alt=\"\" srcset=\"https:\/\/annasoldevila.com\/wp-content\/uploads\/2026\/03\/acompany.jpg 600w, https:\/\/annasoldevila.com\/wp-content\/uploads\/2026\/03\/acompany-14x12.jpg 14w\" sizes=\"(max-width: 600px) 100vw, 600px\" \/>\t\t\t\t\t\t\t\t<\/a>\n\t\t\t\t\t\t\t\t\t\t\t\t\t\t\t<\/div>\n\t\t\t\t<div class=\"elementor-element elementor-element-9e784e7 elementor-widget__width-initial elementor-widget elementor-widget-heading\" data-id=\"9e784e7\" data-element_type=\"widget\" data-e-type=\"widget\" data-widget_type=\"heading.default\">\n\t\t\t\t\t<h2 class=\"elementor-heading-title elementor-size-default\">Acompanyament terap\u00e8utic<\/h2>\t\t\t\t<\/div>\n\t\t\t\t<\/div>\n\t\t<div class=\"elementor-element elementor-element-3ef761d e-con-full e-flex e-con e-child\" data-id=\"3ef761d\" data-element_type=\"container\" data-e-type=\"container\">\n\t\t\t\t<div class=\"elementor-element elementor-element-833a1f7 elementor-widget elementor-widget-image\" data-id=\"833a1f7\" data-element_type=\"widget\" data-e-type=\"widget\" data-widget_type=\"image.default\">\n\t\t\t\t\t\t\t\t\t\t\t\t\t\t\t\t<a href=\"\/serveis\">\n\t\t\t\t\t\t\t<img decoding=\"async\" width=\"600\" height=\"533\" src=\"https:\/\/annasoldevila.com\/wp-content\/uploads\/2026\/03\/astrologia-sa.jpg\" class=\"elementor-animation-grow attachment-large size-large wp-image-384\" alt=\"\" srcset=\"https:\/\/annasoldevila.com\/wp-content\/uploads\/2026\/03\/astrologia-sa.jpg 600w, https:\/\/annasoldevila.com\/wp-content\/uploads\/2026\/03\/astrologia-sa-14x12.jpg 14w\" sizes=\"(max-width: 600px) 100vw, 600px\" \/>\t\t\t\t\t\t\t\t<\/a>\n\t\t\t\t\t\t\t\t\t\t\t\t\t\t\t<\/div>\n\t\t\t\t<div class=\"elementor-element elementor-element-5dfbe74 elementor-widget__width-initial elementor-widget elementor-widget-heading\" data-id=\"5dfbe74\" data-element_type=\"widget\" data-e-type=\"widget\" data-widget_type=\"heading.default\">\n\t\t\t\t\t<h2 class=\"elementor-heading-title elementor-size-default\">Astrologia terap\u00e8utica i evolutiva<\/h2>\t\t\t\t<\/div>\n\t\t\t\t<\/div>\n\t\t<div class=\"elementor-element elementor-element-3a34813 e-con-full e-flex e-con e-child\" data-id=\"3a34813\" data-element_type=\"container\" data-e-type=\"container\">\n\t\t\t\t<div class=\"elementor-element elementor-element-f076f03 elementor-widget-tablet__width-inherit elementor-widget elementor-widget-image\" data-id=\"f076f03\" data-element_type=\"widget\" data-e-type=\"widget\" data-widget_type=\"image.default\">\n\t\t\t\t\t\t\t\t\t\t\t\t\t\t\t\t<a href=\"\/serveis\">\n\t\t\t\t\t\t\t<img decoding=\"async\" width=\"600\" height=\"533\" src=\"https:\/\/annasoldevila.com\/wp-content\/uploads\/2026\/03\/cicous.jpg\" class=\"elementor-animation-grow attachment-large size-large wp-image-385\" alt=\"\" srcset=\"https:\/\/annasoldevila.com\/wp-content\/uploads\/2026\/03\/cicous.jpg 600w, https:\/\/annasoldevila.com\/wp-content\/uploads\/2026\/03\/cicous-14x12.jpg 14w\" sizes=\"(max-width: 600px) 100vw, 600px\" \/>\t\t\t\t\t\t\t\t<\/a>\n\t\t\t\t\t\t\t\t\t\t\t\t\t\t\t<\/div>\n\t\t\t\t<div class=\"elementor-element elementor-element-17f6314 elementor-widget__width-initial elementor-widget elementor-widget-heading\" data-id=\"17f6314\" data-element_type=\"widget\" data-e-type=\"widget\" data-widget_type=\"heading.default\">\n\t\t\t\t\t<h2 class=\"elementor-heading-title elementor-size-default\">Acompanyament a la dona: consci\u00e8ncia c\u00edclica i ous vaginals<\/h2>\t\t\t\t<\/div>\n\t\t\t\t<\/div>\n\t\t<div class=\"elementor-element elementor-element-a7badaf e-con-full e-flex e-con e-child\" data-id=\"a7badaf\" data-element_type=\"container\" data-e-type=\"container\">\n\t\t\t\t<div class=\"elementor-element elementor-element-408d2de elementor-widget elementor-widget-image\" data-id=\"408d2de\" data-element_type=\"widget\" data-e-type=\"widget\" data-widget_type=\"image.default\">\n\t\t\t\t\t\t\t\t\t\t\t\t\t\t\t\t<a href=\"\/serveis\">\n\t\t\t\t\t\t\t<img loading=\"lazy\" decoding=\"async\" width=\"600\" height=\"533\" src=\"https:\/\/annasoldevila.com\/wp-content\/uploads\/2026\/03\/sistem.jpg\" class=\"elementor-animation-grow attachment-large size-large wp-image-386\" alt=\"\" srcset=\"https:\/\/annasoldevila.com\/wp-content\/uploads\/2026\/03\/sistem.jpg 600w, https:\/\/annasoldevila.com\/wp-content\/uploads\/2026\/03\/sistem-14x12.jpg 14w\" sizes=\"(max-width: 600px) 100vw, 600px\" \/>\t\t\t\t\t\t\t\t<\/a>\n\t\t\t\t\t\t\t\t\t\t\t\t\t\t\t<\/div>\n\t\t\t\t<div class=\"elementor-element elementor-element-b59a5c2 elementor-widget__width-initial elementor-widget elementor-widget-heading\" data-id=\"b59a5c2\" data-element_type=\"widget\" data-e-type=\"widget\" data-widget_type=\"heading.default\">\n\t\t\t\t\t<h2 class=\"elementor-heading-title elementor-size-default\">Ter\u00e0pia sist\u00e8mica<\/h2>\t\t\t\t<\/div>\n\t\t\t\t<\/div>\n\t\t<div class=\"elementor-element elementor-element-fc29f5f e-con-full e-flex e-con e-child\" data-id=\"fc29f5f\" data-element_type=\"container\" data-e-type=\"container\">\n\t\t\t\t<div class=\"elementor-element elementor-element-b893530 elementor-widget elementor-widget-image\" data-id=\"b893530\" data-element_type=\"widget\" data-e-type=\"widget\" data-widget_type=\"image.default\">\n\t\t\t\t\t\t\t\t\t\t\t\t\t\t\t\t<a href=\"\/serveis\">\n\t\t\t\t\t\t\t<img loading=\"lazy\" decoding=\"async\" width=\"600\" height=\"533\" src=\"https:\/\/annasoldevila.com\/wp-content\/uploads\/2026\/03\/reflexo.jpg\" class=\"elementor-animation-grow attachment-large size-large wp-image-388\" alt=\"\" srcset=\"https:\/\/annasoldevila.com\/wp-content\/uploads\/2026\/03\/reflexo.jpg 600w, https:\/\/annasoldevila.com\/wp-content\/uploads\/2026\/03\/reflexo-14x12.jpg 14w\" sizes=\"(max-width: 600px) 100vw, 600px\" \/>\t\t\t\t\t\t\t\t<\/a>\n\t\t\t\t\t\t\t\t\t\t\t\t\t\t\t<\/div>\n\t\t\t\t<div class=\"elementor-element elementor-element-c642f39 elementor-widget__width-initial elementor-widget elementor-widget-heading\" data-id=\"c642f39\" data-element_type=\"widget\" data-e-type=\"widget\" data-widget_type=\"heading.default\">\n\t\t\t\t\t<h2 class=\"elementor-heading-title elementor-size-default\">Reflexologia podal<\/h2>\t\t\t\t<\/div>\n\t\t\t\t<\/div>\n\t\t<div class=\"elementor-element elementor-element-0c52148 e-con-full e-flex e-con e-child\" data-id=\"0c52148\" data-element_type=\"container\" data-e-type=\"container\">\n\t\t\t\t<div class=\"elementor-element elementor-element-272fdb8 elementor-widget elementor-widget-image\" data-id=\"272fdb8\" data-element_type=\"widget\" data-e-type=\"widget\" data-widget_type=\"image.default\">\n\t\t\t\t\t\t\t\t\t\t\t\t\t\t\t\t<a href=\"\/serveis\">\n\t\t\t\t\t\t\t<img loading=\"lazy\" decoding=\"async\" width=\"600\" height=\"533\" src=\"https:\/\/annasoldevila.com\/wp-content\/uploads\/2026\/03\/florsbach.jpg\" class=\"elementor-animation-grow attachment-large size-large wp-image-389\" alt=\"\" srcset=\"https:\/\/annasoldevila.com\/wp-content\/uploads\/2026\/03\/florsbach.jpg 600w, https:\/\/annasoldevila.com\/wp-content\/uploads\/2026\/03\/florsbach-14x12.jpg 14w\" sizes=\"(max-width: 600px) 100vw, 600px\" \/>\t\t\t\t\t\t\t\t<\/a>\n\t\t\t\t\t\t\t\t\t\t\t\t\t\t\t<\/div>\n\t\t\t\t<div class=\"elementor-element elementor-element-a8af048 elementor-widget__width-initial elementor-widget elementor-widget-heading\" data-id=\"a8af048\" data-element_type=\"widget\" data-e-type=\"widget\" data-widget_type=\"heading.default\">\n\t\t\t\t\t<h2 class=\"elementor-heading-title elementor-size-default\">Flors de bach<\/h2>\t\t\t\t<\/div>\n\t\t\t\t<\/div>\n\t\t\t\t<\/div>\n\t\t<div class=\"elementor-element elementor-element-f11f47a e-flex e-con-boxed elementor-invisible e-con e-parent\" data-id=\"f11f47a\" data-element_type=\"container\" data-e-type=\"container\" data-settings=\"{&quot;background_background&quot;:&quot;gradient&quot;,&quot;animation&quot;:&quot;fadeIn&quot;}\">\n\t\t\t\t\t<div class=\"e-con-inner\">\n\t\t<div class=\"elementor-element elementor-element-af4b7ca e-con-full e-flex e-con e-child\" data-id=\"af4b7ca\" data-element_type=\"container\" data-e-type=\"container\">\n\t\t\t\t<div class=\"elementor-element elementor-element-ef0d825 elementor-widget__width-auto elementor-widget elementor-widget-image\" data-id=\"ef0d825\" data-element_type=\"widget\" data-e-type=\"widget\" data-widget_type=\"image.default\">\n\t\t\t\t\t\t\t\t\t\t\t\t\t\t\t<img loading=\"lazy\" decoding=\"async\" width=\"600\" height=\"533\" src=\"https:\/\/annasoldevila.com\/wp-content\/uploads\/2026\/03\/teixit.jpg\" class=\"attachment-large size-large wp-image-393\" alt=\"\" srcset=\"https:\/\/annasoldevila.com\/wp-content\/uploads\/2026\/03\/teixit.jpg 600w, https:\/\/annasoldevila.com\/wp-content\/uploads\/2026\/03\/teixit-14x12.jpg 14w\" sizes=\"(max-width: 600px) 100vw, 600px\" \/>\t\t\t\t\t\t\t\t\t\t\t\t\t\t\t<\/div>\n\t\t\t\t<\/div>\n\t\t<div class=\"elementor-element elementor-element-d906221 e-con-full e-flex e-con e-child\" data-id=\"d906221\" data-element_type=\"container\" data-e-type=\"container\">\n\t\t\t\t<div class=\"elementor-element elementor-element-4b79d58 elementor-widget__width-initial elementor-widget elementor-widget-heading\" data-id=\"4b79d58\" data-element_type=\"widget\" data-e-type=\"widget\" data-widget_type=\"heading.default\">\n\t\t\t\t\t<h2 class=\"elementor-heading-title elementor-size-default\">El Teixit dels Astres<\/h2>\t\t\t\t<\/div>\n\t\t\t\t<div class=\"elementor-element elementor-element-3c04c92 elementor-widget__width-initial elementor-widget elementor-widget-text-editor\" data-id=\"3c04c92\" data-element_type=\"widget\" data-e-type=\"widget\" data-widget_type=\"text-editor.default\">\n\t\t\t\t\t\t\t\t\t<p>El teixit dels astres \u00e9s el conjunt de propostes divulgatives i formatives que ofereixo, quelcom que es troba en construcci\u00f3 actualment i desitjo poder anar oferint m\u00e9s propostes.\u00a0<\/p><p>Aqu\u00ed trobar\u00e0s la meva proposta d&#8217;astrologia mensual en grup &#8220;Tra\u00e7 de Lluna&#8221;, formacions i tallers i les diferents xerrades sobre astrologia que vaig oferint.\u00a0<\/p>\t\t\t\t\t\t\t\t<\/div>\n\t\t\t\t<div class=\"elementor-element elementor-element-4304945 elementor-align-center elementor-tablet-align-center elementor-widget elementor-widget-button\" data-id=\"4304945\" data-element_type=\"widget\" data-e-type=\"widget\" data-widget_type=\"button.default\">\n\t\t\t\t\t\t\t\t\t\t<a class=\"elementor-button elementor-button-link elementor-size-sm elementor-animation-grow\" href=\"\/teixit-dels-astres\/\">\n\t\t\t\t\t\t<span class=\"elementor-button-content-wrapper\">\n\t\t\t\t\t\t\t\t\t<span class=\"elementor-button-text\">Saber-ne m\u00e9s<\/span>\n\t\t\t\t\t<\/span>\n\t\t\t\t\t<\/a>\n\t\t\t\t\t\t\t\t<\/div>\n\t\t\t\t<\/div>\n\t\t\t\t\t<\/div>\n\t\t\t\t<\/div>\n\t\t<div class=\"elementor-element elementor-element-e96d8d3 animated-slow e-flex e-con-boxed elementor-invisible e-con e-parent\" data-id=\"e96d8d3\" data-element_type=\"container\" data-e-type=\"container\" data-settings=\"{&quot;background_background&quot;:&quot;classic&quot;,&quot;animation&quot;:&quot;fadeIn&quot;}\">\n\t\t\t\t\t<div class=\"e-con-inner\">\n\t\t\t\t<div class=\"elementor-element elementor-element-1c29819 elementor-widget elementor-widget-heading\" data-id=\"1c29819\" data-element_type=\"widget\" data-e-type=\"widget\" data-widget_type=\"heading.default\">\n\t\t\t\t\t<h2 class=\"elementor-heading-title elementor-size-default\">\"Sanar \u00e9s dansar amb les llums que ens habiten\"<\/h2>\t\t\t\t<\/div>\n\t\t<div class=\"elementor-element elementor-element-a401f11 e-con-full e-flex e-con e-child\" data-id=\"a401f11\" data-element_type=\"container\" data-e-type=\"container\">\n\t\t\t\t<div class=\"elementor-element elementor-element-b9c060e elementor-headline--style-rotate elementor-widget elementor-widget-animated-headline\" data-id=\"b9c060e\" data-element_type=\"widget\" data-e-type=\"widget\" data-settings=\"{&quot;headline_style&quot;:&quot;rotate&quot;,&quot;animation_type&quot;:&quot;blinds&quot;,&quot;rotating_text&quot;:&quot;Amor\\nArtesania\\nCoher\\u00e8ncia\\nCuriositat\\nHonestedat\\nLlibertat&quot;,&quot;rotate_iteration_delay&quot;:1500,&quot;loop&quot;:&quot;yes&quot;}\" data-widget_type=\"animated-headline.default\">\n\t\t\t\t\t\t\t<h3 class=\"elementor-headline elementor-headline-animation-type-blinds elementor-headline-letters\">\n\t\t\t\t<span class=\"elementor-headline-dynamic-wrapper elementor-headline-text-wrapper\">\n\t\t\t\t\t<span class=\"elementor-headline-dynamic-text elementor-headline-text-active\">\n\t\t\t\tAmor\t\t\t<\/span>\n\t\t\t\t\t<span class=\"elementor-headline-dynamic-text\">\n\t\t\t\tArtesania\t\t\t<\/span>\n\t\t\t\t\t<span class=\"elementor-headline-dynamic-text\">\n\t\t\t\tCoher\u00e8ncia\t\t\t<\/span>\n\t\t\t\t\t<span class=\"elementor-headline-dynamic-text\">\n\t\t\t\tCuriositat\t\t\t<\/span>\n\t\t\t\t\t<span class=\"elementor-headline-dynamic-text\">\n\t\t\t\tHonestedat\t\t\t<\/span>\n\t\t\t\t\t<span class=\"elementor-headline-dynamic-text\">\n\t\t\t\tLlibertat\t\t\t<\/span>\n\t\t\t\t\t\t<\/span>\n\t\t\t\t<\/h3>\n\t\t\t\t\t\t<\/div>\n\t\t\t\t<\/div>\n\t\t\t\t\t<\/div>\n\t\t\t\t<\/div>\n\t\t\t\t<\/div>\n\t\t","protected":false},"excerpt":{"rendered":"<p>T\u2019acompanyo a descobrir el cam\u00ed per desplegar-te Acompanyo processos d\u2019individuaci\u00f3, profunditzaci\u00f3 i retrobada amb el ser. Ens posem al servei del que \u00e9s essencial, per tornar a la nostra naturalesa interna, descobrint-nos de nou. Per persones que volen con\u00e8ixer i gestionar el seu m\u00f3n intern i explorar noves vies d\u2019expressi\u00f3, en un proc\u00e9s d\u2019autoconeixement fet [&hellip;]<\/p>\n","protected":false},"author":1,"featured_media":0,"parent":0,"menu_order":0,"comment_status":"closed","ping_status":"closed","template":"","meta":{"footnotes":""},"class_list":["post-12","page","type-page","status-publish","hentry"],"_links":{"self":[{"href":"https:\/\/annasoldevila.com\/es\/wp-json\/wp\/v2\/pages\/12","targetHints":{"allow":["GET"]}}],"collection":[{"href":"https:\/\/annasoldevila.com\/es\/wp-json\/wp\/v2\/pages"}],"about":[{"href":"https:\/\/annasoldevila.com\/es\/wp-json\/wp\/v2\/types\/page"}],"author":[{"embeddable":true,"href":"https:\/\/annasoldevila.com\/es\/wp-json\/wp\/v2\/users\/1"}],"replies":[{"embeddable":true,"href":"https:\/\/annasoldevila.com\/es\/wp-json\/wp\/v2\/comments?post=12"}],"version-history":[{"count":287,"href":"https:\/\/annasoldevila.com\/es\/wp-json\/wp\/v2\/pages\/12\/revisions"}],"predecessor-version":[{"id":877,"href":"https:\/\/annasoldevila.com\/es\/wp-json\/wp\/v2\/pages\/12\/revisions\/877"}],"wp:attachment":[{"href":"https:\/\/annasoldevila.com\/es\/wp-json\/wp\/v2\/media?parent=12"}],"curies":[{"name":"wp","href":"https:\/\/api.w.org\/{rel}","templated":true}]}}